{"id":88207,"date":"2023-11-15T08:34:57","date_gmt":"2023-11-15T13:34:57","guid":{"rendered":"https:\/\/www.imsalud.gov.co\/web\/?page_id=88207"},"modified":"2023-11-15T08:36:38","modified_gmt":"2023-11-15T13:36:38","slug":"atencion-al-usuario-educacion-canalizacion-al-programa-de-deteccion-temprana-de-cancer-de-cuello-uterino","status":"publish","type":"page","link":"https:\/\/www.imsalud.gov.co\/web\/atencion-al-usuario-educacion-canalizacion-al-programa-de-deteccion-temprana-de-cancer-de-cuello-uterino\/","title":{"rendered":"Canalizaci\u00f3n al Programa de Detecci\u00f3n temprana de C\u00e1ncer de Cuello Uterino"},"content":{"rendered":"<div class=\"_df_book df-container df-loading \" id=\"df_88206\"  wpoptions=\"true\" ><\/div><script data-cfasync=\"false\">var option_df_88206 = {\"outline\":[],\"forceFit\":\"true\",\"autoEnableOutline\":\"false\",\"autoEnableThumbnail\":\"false\",\"overwritePDFOutline\":\"false\",\"direction\":\"1\",\"pageMode\":\"0\",\"source\":\"https:\\\/\\\/www.imsalud.gov.co\\\/web\\\/wp-content\\\/uploads\\\/2023\\\/11\\\/CANALIZACION-AL-PROGRAMA-DE-DETECCION-TEMPRANA-DE-CANCER-DE-CUELLO-UTERINO-1.pdf\",\"wpOptions\":\"true\"}; if(window.DFLIP && DFLIP.parseBooks){DFLIP.parseBooks();}<\/script>\n","protected":false},"excerpt":{"rendered":"","protected":false},"author":19,"featured_media":0,"parent":0,"menu_order":0,"comment_status":"closed","ping_status":"closed","template":"","meta":{"footnotes":""},"class_list":["post-88207","page","type-page","status-publish","hentry"],"_links":{"self":[{"href":"https:\/\/www.imsalud.gov.co\/web\/wp-json\/wp\/v2\/pages\/88207","targetHints":{"allow":["GET"]}}],"collection":[{"href":"https:\/\/www.imsalud.gov.co\/web\/wp-json\/wp\/v2\/pages"}],"about":[{"href":"https:\/\/www.imsalud.gov.co\/web\/wp-json\/wp\/v2\/types\/page"}],"author":[{"embeddable":true,"href":"https:\/\/www.imsalud.gov.co\/web\/wp-json\/wp\/v2\/users\/19"}],"replies":[{"embeddable":true,"href":"https:\/\/www.imsalud.gov.co\/web\/wp-json\/wp\/v2\/comments?post=88207"}],"version-history":[{"count":1,"href":"https:\/\/www.imsalud.gov.co\/web\/wp-json\/wp\/v2\/pages\/88207\/revisions"}],"predecessor-version":[{"id":88209,"href":"https:\/\/www.imsalud.gov.co\/web\/wp-json\/wp\/v2\/pages\/88207\/revisions\/88209"}],"wp:attachment":[{"href":"https:\/\/www.imsalud.gov.co\/web\/wp-json\/wp\/v2\/media?parent=88207"}],"curies":[{"name":"wp","href":"https:\/\/api.w.org\/{rel}","templated":true}]}}