{"id":87782,"date":"2023-11-07T11:17:49","date_gmt":"2023-11-07T16:17:49","guid":{"rendered":"https:\/\/www.imsalud.gov.co\/web\/?page_id=87782"},"modified":"2023-11-07T11:18:47","modified_gmt":"2023-11-07T16:18:47","slug":"atencion-al-usuario-educacion-guia-de-plan-de-atencion-de-enfermeria-estandarizado","status":"publish","type":"page","link":"https:\/\/www.imsalud.gov.co\/web\/atencion-al-usuario-educacion-guia-de-plan-de-atencion-de-enfermeria-estandarizado\/","title":{"rendered":"Gu\u00eda de Plan de Atenci\u00f3n de Enfermer\u00eda Estandarizado"},"content":{"rendered":"<div class=\"_df_book df-container df-loading \" id=\"df_87781\"  wpoptions=\"true\" ><\/div><script data-cfasync=\"false\">var option_df_87781 = {\"outline\":[],\"forceFit\":\"true\",\"autoEnableOutline\":\"false\",\"autoEnableThumbnail\":\"false\",\"overwritePDFOutline\":\"false\",\"direction\":\"1\",\"pageMode\":\"0\",\"source\":\"https:\\\/\\\/www.imsalud.gov.co\\\/web\\\/wp-content\\\/uploads\\\/2023\\\/11\\\/GUIA-DE-PLAN-DE-ATENCION-DE-ENFERMERIA-ESTANDARIZADO-NAIDELYN.pdf\",\"wpOptions\":\"true\"}; if(window.DFLIP && DFLIP.parseBooks){DFLIP.parseBooks();}<\/script>\n","protected":false},"excerpt":{"rendered":"","protected":false},"author":19,"featured_media":0,"parent":0,"menu_order":0,"comment_status":"closed","ping_status":"closed","template":"","meta":{"footnotes":""},"class_list":["post-87782","page","type-page","status-publish","hentry"],"_links":{"self":[{"href":"https:\/\/www.imsalud.gov.co\/web\/wp-json\/wp\/v2\/pages\/87782","targetHints":{"allow":["GET"]}}],"collection":[{"href":"https:\/\/www.imsalud.gov.co\/web\/wp-json\/wp\/v2\/pages"}],"about":[{"href":"https:\/\/www.imsalud.gov.co\/web\/wp-json\/wp\/v2\/types\/page"}],"author":[{"embeddable":true,"href":"https:\/\/www.imsalud.gov.co\/web\/wp-json\/wp\/v2\/users\/19"}],"replies":[{"embeddable":true,"href":"https:\/\/www.imsalud.gov.co\/web\/wp-json\/wp\/v2\/comments?post=87782"}],"version-history":[{"count":1,"href":"https:\/\/www.imsalud.gov.co\/web\/wp-json\/wp\/v2\/pages\/87782\/revisions"}],"predecessor-version":[{"id":87783,"href":"https:\/\/www.imsalud.gov.co\/web\/wp-json\/wp\/v2\/pages\/87782\/revisions\/87783"}],"wp:attachment":[{"href":"https:\/\/www.imsalud.gov.co\/web\/wp-json\/wp\/v2\/media?parent=87782"}],"curies":[{"name":"wp","href":"https:\/\/api.w.org\/{rel}","templated":true}]}}