{"id":57945,"date":"2022-10-12T07:45:53","date_gmt":"2022-10-12T12:45:53","guid":{"rendered":"https:\/\/www.imsalud.gov.co\/web\/?page_id=57945"},"modified":"2025-12-06T14:43:59","modified_gmt":"2025-12-06T19:43:59","slug":"convocatorias-de-participacion-social","status":"publish","type":"page","link":"https:\/\/www.imsalud.gov.co\/web\/participa\/convocatorias-de-participacion-social\/","title":{"rendered":"Convocatorias de Participaci\u00f3n Social"},"content":{"rendered":"\n  <div id=\"page-header-399885218\" class=\"page-header-wrapper\">\n  <div class=\"page-title dark featured-title\">\n\n    \n    <div class=\"page-title-inner container align-center text-center flex-row-col medium-flex-wrap\" >\n              <div class=\"title-wrapper flex-col\">\n          <h1 class=\"entry-title mb-0\">\n            Convocatorias de Participaci\u00f3n Social          <\/h1>\n        <\/div>\n                    <div class=\"title-content flex-col\">\n        <div class=\"title-breadcrumbs pb-half pt-half\"><\/div>      <\/div>\n    <\/div>\n\n     \n<style>\n#page-header-399885218 .page-title-inner {\n  min-height: 0px;\n}\n<\/style>\n  <\/div>\n    <\/div>\n  \n<h4><\/h4>\n<h4>\n<table id=\"tablepress-99\" class=\"tablepress tablepress-id-99\">\n<thead>\n<tr class=\"row-1\">\n\t<th class=\"column-1\">A\u00d1O<\/th><th class=\"column-2\">ASUNTO<\/th><th class=\"column-3\">PER\u00cdODO<\/th><th class=\"column-4\">FECHA REUNI\u00d3N<\/th><th class=\"column-5\">ARCHIVO<\/th>\n<\/tr>\n<\/thead>\n<tbody class=\"row-striping row-hover\">\n<tr class=\"row-2\">\n\t<td class=\"column-1\">2025<\/td><td class=\"column-2\">Socializaci\u00f3n Plan de Contingencia adecuaciones menores en la IPS La Floresta<\/td><td class=\"column-3\">8 - AGOSTO<\/td><td class=\"column-4\">2025\/08\/28<\/td><td class=\"column-5\"><a href=\"https:\/\/www.imsalud.gov.co\/web\/wp-content\/uploads\/2025\/12\/Convocatoria-IPS-La-Floresta-28-de-Agosto-de-2025.pdf\" target=\"_blank\" rel=\"noopener\"><img loading=\"lazy\" decoding=\"async\" src=\"https:\/\/www.imsalud.gov.co\/web\/wp-content\/uploads\/2020\/09\/descarga.png\" alt=\"\" width=\"40\" height=\"40\" class=\"alignnone size-full wp-image-30401\" \/><\/a><\/td>\n<\/tr>\n<tr class=\"row-3\">\n\t<td class=\"column-1\">2025<\/td><td class=\"column-2\">Socializaci\u00f3n Plan de Contingencia adecuaciones menores en la IPS Guaramito<\/td><td class=\"column-3\">8 - AGOSTO<\/td><td class=\"column-4\">2025\/08\/28<\/td><td class=\"column-5\"><a href=\"https:\/\/www.imsalud.gov.co\/web\/wp-content\/uploads\/2025\/12\/Convocatoria-IPS-Guaramito-28-de-Agosto-de-2025.pdf\" target=\"_blank\" rel=\"noopener\"><img loading=\"lazy\" decoding=\"async\" src=\"https:\/\/www.imsalud.gov.co\/web\/wp-content\/uploads\/2020\/09\/descarga.png\" alt=\"\" width=\"40\" height=\"40\" class=\"alignnone size-full wp-image-30401\" \/><\/a><\/td>\n<\/tr>\n<tr class=\"row-4\">\n\t<td class=\"column-1\">2025<\/td><td class=\"column-2\">Socializaci\u00f3n Plan de Contingencia adecuaciones menores en la IPS Sevilla<\/td><td class=\"column-3\">8 - AGOSTO<\/td><td class=\"column-4\">2025\/08\/19<\/td><td class=\"column-5\"><a href=\"https:\/\/www.imsalud.gov.co\/web\/wp-content\/uploads\/2025\/12\/Convocatoria-IPS-Sevilla-19-de-Agosto-de-2025.pdf\" target=\"_blank\" rel=\"noopener\"><img loading=\"lazy\" decoding=\"async\" src=\"https:\/\/www.imsalud.gov.co\/web\/wp-content\/uploads\/2020\/09\/descarga.png\" alt=\"\" width=\"40\" height=\"40\" class=\"alignnone size-full wp-image-30401\" \/><\/a><\/td>\n<\/tr>\n<tr class=\"row-5\">\n\t<td class=\"column-1\">2025<\/td><td class=\"column-2\">Entrega instalaciones de la IPS Aeropuerto<\/td><td class=\"column-3\">7 - JULIO<\/td><td class=\"column-4\">2025\/07\/09<\/td><td class=\"column-5\"><a href=\"https:\/\/www.imsalud.gov.co\/web\/wp-content\/uploads\/2025\/12\/Convocatoria-IPS-Aeropuerto-09-de-Julio-de-2025.pdf\" target=\"_blank\" rel=\"noopener\"><img loading=\"lazy\" decoding=\"async\" src=\"https:\/\/www.imsalud.gov.co\/web\/wp-content\/uploads\/2020\/09\/descarga.png\" alt=\"\" width=\"40\" height=\"40\" class=\"alignnone size-full wp-image-30401\" \/><\/a><\/td>\n<\/tr>\n<tr class=\"row-6\">\n\t<td class=\"column-1\">2025<\/td><td class=\"column-2\">Socializaci\u00f3n Plan de Contingencia IPS Aeropuerto.<\/td><td class=\"column-3\">6 - JUNIO<\/td><td class=\"column-4\">2025\/06\/03<\/td><td class=\"column-5\"><a href=\"https:\/\/www.imsalud.gov.co\/web\/wp-content\/uploads\/2025\/12\/Convocatoria-IPS-Aeropuerto-30-de-Mayo-de-2025.pdf\" target=\"_blank\" rel=\"noopener\"><img loading=\"lazy\" decoding=\"async\" src=\"https:\/\/www.imsalud.gov.co\/web\/wp-content\/uploads\/2020\/09\/descarga.png\" alt=\"\" width=\"40\" height=\"40\" class=\"alignnone size-full wp-image-30401\" \/><\/a><\/td>\n<\/tr>\n<tr class=\"row-7\">\n\t<td class=\"column-1\">2025<\/td><td class=\"column-2\">Socializaci\u00f3n de Pol\u00edticas y tem\u00e1ticas relacionadas con la prestaci\u00f3n de los Servicios de Salud que ofrece la ESE IMSALUD<\/td><td class=\"column-3\">5 - MAYO<\/td><td class=\"column-4\">2025\/05\/27<\/td><td class=\"column-5\"><a href=\"https:\/\/www.imsalud.gov.co\/web\/wp-content\/uploads\/2025\/12\/Convocatoria-UBA-Agua-Clara-27-de-Mayo-de-2025.pdf\" target=\"_blank\" rel=\"noopener\"><img loading=\"lazy\" decoding=\"async\" src=\"https:\/\/www.imsalud.gov.co\/web\/wp-content\/uploads\/2020\/09\/descarga.png\" alt=\"\" width=\"40\" height=\"40\" class=\"alignnone size-full wp-image-30401\" \/><\/a><\/td>\n<\/tr>\n<tr class=\"row-8\">\n\t<td class=\"column-1\">2025<\/td><td class=\"column-2\">Socializaci\u00f3n Servicios de Salud ofertados en la UBA e IPS de la Comuna 7.<\/td><td class=\"column-3\">4- ABRIL<\/td><td class=\"column-4\">2025\/04\/24<\/td><td class=\"column-5\"><a href=\"https:\/\/www.imsalud.gov.co\/web\/wp-content\/uploads\/2025\/12\/Convocatoria-Comuna-7.pdf\" target=\"_blank\" rel=\"noopener\"><img loading=\"lazy\" decoding=\"async\" src=\"https:\/\/www.imsalud.gov.co\/web\/wp-content\/uploads\/2020\/09\/descarga.png\" alt=\"\" width=\"40\" height=\"40\" class=\"alignnone size-full wp-image-30401\" \/><\/a><\/td>\n<\/tr>\n<tr class=\"row-9\">\n\t<td class=\"column-1\">2025<\/td><td class=\"column-2\">Socializaci\u00f3n de pol\u00edticas y tem\u00e1ticas relacionadas con la Prestaci\u00f3n de los Servicios de Salud que ofrece la ESE IMSALUD<\/td><td class=\"column-3\">4- ABRIL<\/td><td class=\"column-4\">2025\/04\/11<\/td><td class=\"column-5\"><a href=\"https:\/\/www.imsalud.gov.co\/web\/wp-content\/uploads\/2025\/12\/Convocatoria-UBA-Agua-Clara-11-de-Abril-de-2025.pdf\" target=\"_blank\" rel=\"noopener\"><img loading=\"lazy\" decoding=\"async\" src=\"https:\/\/www.imsalud.gov.co\/web\/wp-content\/uploads\/2020\/09\/descarga.png\" alt=\"\" width=\"40\" height=\"40\" class=\"alignnone size-full wp-image-30401\" \/><\/a><\/td>\n<\/tr>\n<tr class=\"row-10\">\n\t<td class=\"column-1\">2025<\/td><td class=\"column-2\">Socializaci\u00f3n Proyecto para la Comuna 8<\/td><td class=\"column-3\">2-FEBRERO<\/td><td class=\"column-4\">2025\/02\/24<\/td><td class=\"column-5\"><a href=\"https:\/\/www.imsalud.gov.co\/web\/wp-content\/uploads\/2025\/12\/Convocatoria-Comuna-8.pdf\" target=\"_blank\" rel=\"noopener\"><img loading=\"lazy\" decoding=\"async\" src=\"https:\/\/www.imsalud.gov.co\/web\/wp-content\/uploads\/2020\/09\/descarga.png\" alt=\"\" width=\"40\" height=\"40\" class=\"alignnone size-full wp-image-30401\" \/><\/a><\/td>\n<\/tr>\n<tr class=\"row-11\">\n\t<td class=\"column-1\">2025<\/td><td class=\"column-2\">Socializaci\u00f3n Plan Anticorrupci\u00f3n, Transparencia y Atenci\u00f3n al Ciudadano<\/td><td class=\"column-3\">1- ENERO<\/td><td class=\"column-4\">2025\/01\/21<\/td><td class=\"column-5\"><a href=\"https:\/\/www.imsalud.gov.co\/web\/wp-content\/uploads\/2025\/12\/Convocatoria-Firmada.pdf\" target=\"_blank\" rel=\"noopener\"><img loading=\"lazy\" decoding=\"async\" src=\"https:\/\/www.imsalud.gov.co\/web\/wp-content\/uploads\/2020\/09\/descarga.png\" alt=\"\" width=\"40\" height=\"40\" class=\"alignnone size-full wp-image-30401\" \/><\/a><\/td>\n<\/tr>\n<tr class=\"row-12\">\n\t<td class=\"column-1\">2022<\/td><td class=\"column-2\">Convocatoria del Comit\u00e9 de \u00c9tica<\/td><td class=\"column-3\">6-JUNIO<\/td><td class=\"column-4\">2022\/06\/29<\/td><td class=\"column-5\"><a href=\"https:\/\/www.imsalud.gov.co\/web\/wp-content\/uploads\/2022\/10\/Convocatoria-del-Comite-de-Etica.pdf\" target=\"_blank\" rel=\"noopener\"><img loading=\"lazy\" decoding=\"async\" src=\"https:\/\/www.imsalud.gov.co\/web\/wp-content\/uploads\/2020\/09\/descarga.png\" alt=\"\" width=\"40\" height=\"40\" class=\"alignnone size-full wp-image-30401\" \/><\/a><\/td>\n<\/tr>\n<tr class=\"row-13\">\n\t<td class=\"column-1\">2022<\/td><td class=\"column-2\">Convocatoria para el Consejo Territorial del Departamento<\/td><td class=\"column-3\">6-JUNIO<\/td><td class=\"column-4\">2022\/06\/29<\/td><td class=\"column-5\"><a href=\"https:\/\/www.imsalud.gov.co\/web\/wp-content\/uploads\/2022\/10\/Convocatoria-y-acta-de-eleccion-de-representante.pdf\" target=\"_blank\" rel=\"noopener\"><img loading=\"lazy\" decoding=\"async\" src=\"https:\/\/www.imsalud.gov.co\/web\/wp-content\/uploads\/2020\/09\/descarga.png\" alt=\"\" width=\"40\" height=\"40\" class=\"alignnone size-full wp-image-30401\" \/><\/a><\/td>\n<\/tr>\n<tr class=\"row-14\">\n\t<td class=\"column-1\">2022<\/td><td class=\"column-2\">Convocatoria Elecci\u00f3n del Nuevo Representante de las Asociaciones de Usuarios en la Junta Directiva<\/td><td class=\"column-3\">2-FEBRERO<\/td><td class=\"column-4\">2022\/02\/28<\/td><td class=\"column-5\"><a href=\"https:\/\/www.imsalud.gov.co\/web\/wp-content\/uploads\/2022\/10\/Convocatoria-y-acta-de-eleccion-de-representante.pdf\" target=\"_blank\" rel=\"noopener\"><img loading=\"lazy\" decoding=\"async\" src=\"https:\/\/www.imsalud.gov.co\/web\/wp-content\/uploads\/2020\/09\/descarga.png\" alt=\"\" width=\"40\" height=\"40\" class=\"alignnone size-full wp-image-30401\" \/><\/a><\/td>\n<\/tr>\n<\/tbody>\n<\/table>\n<!-- #tablepress-99 from cache --><\/h4>\n\n\n\n<p><\/p>\n","protected":false},"excerpt":{"rendered":"","protected":false},"author":19,"featured_media":0,"parent":38158,"menu_order":0,"comment_status":"closed","ping_status":"closed","template":"","meta":{"footnotes":""},"class_list":["post-57945","page","type-page","status-publish","hentry"],"_links":{"self":[{"href":"https:\/\/www.imsalud.gov.co\/web\/wp-json\/wp\/v2\/pages\/57945","targetHints":{"allow":["GET"]}}],"collection":[{"href":"https:\/\/www.imsalud.gov.co\/web\/wp-json\/wp\/v2\/pages"}],"about":[{"href":"https:\/\/www.imsalud.gov.co\/web\/wp-json\/wp\/v2\/types\/page"}],"author":[{"embeddable":true,"href":"https:\/\/www.imsalud.gov.co\/web\/wp-json\/wp\/v2\/users\/19"}],"replies":[{"embeddable":true,"href":"https:\/\/www.imsalud.gov.co\/web\/wp-json\/wp\/v2\/comments?post=57945"}],"version-history":[{"count":6,"href":"https:\/\/www.imsalud.gov.co\/web\/wp-json\/wp\/v2\/pages\/57945\/revisions"}],"predecessor-version":[{"id":112875,"href":"https:\/\/www.imsalud.gov.co\/web\/wp-json\/wp\/v2\/pages\/57945\/revisions\/112875"}],"up":[{"embeddable":true,"href":"https:\/\/www.imsalud.gov.co\/web\/wp-json\/wp\/v2\/pages\/38158"}],"wp:attachment":[{"href":"https:\/\/www.imsalud.gov.co\/web\/wp-json\/wp\/v2\/media?parent=57945"}],"curies":[{"name":"wp","href":"https:\/\/api.w.org\/{rel}","templated":true}]}}