{"id":56356,"date":"2022-09-26T08:25:32","date_gmt":"2022-09-26T13:25:32","guid":{"rendered":"https:\/\/www.imsalud.gov.co\/web\/?page_id=56356"},"modified":"2023-12-11T17:09:09","modified_gmt":"2023-12-11T22:09:09","slug":"directorio-de-agremiaciones-asociaciones-y-otros-grupos-de-interes","status":"publish","type":"page","link":"https:\/\/www.imsalud.gov.co\/web\/transparencia\/informacion-de-la-entidad\/directorio-de-agremiaciones-asociaciones-y-otros-grupos-de-interes\/","title":{"rendered":"Directorio de Agremiaciones, Asociaciones y otros grupos de Inter\u00e9s"},"content":{"rendered":"<h1>Directorio de agremiaciones, asociaciones y otros grupos de inter\u00e9s<span style=\"font-size: 14.4px;\">.<\/span><\/h1>\n<div id=\"AccessFooter\" class=\"page-content container clearfix\">\n<div class=\"col-md-9\">\n<section class=\"content-zone\" title=\"Contenido Principal de la P\u00e1gina\">\n<div class=\"tab-content\">\n<div id=\"tab01\" class=\"tab-pane active\">\n<article class=\"info\" title=\"Informaci\u00f3n Principal Pesta\u00f1a 1\">\n<div data-name=\"Campo de p\u00e1gina: Contenido de la p\u00e1gina\">\n<div id=\"ctl00_PlaceHolderMain_ctl02__ControlWrapper_RichHtmlField\" class=\"ms-rtestate-field\" aria-labelledby=\"ctl00_PlaceHolderMain_ctl02_label\">\n<table class=\"table table-striped tablaentidades \" cellspacing=\"0\" cellpadding=\"0\">\n<thead>\n<tr>\n<th>Nombre<\/th>\n<th>Funci\u00f3n<\/th>\n<th>P\u00e1gina de Contacto<\/th>\n<\/tr>\n<\/thead>\n<tbody>\n<tr>\n<td rowspan=\"1\">\u200b<img decoding=\"async\" src=\"https:\/\/assets.supersalud.gov.co\/Iconos\/logo-federico-lleras.png\" alt=\"Centro Dermatol\u00f3gico Federico Lleras Acosta\" \/><\/td>\n<td rowspan=\"1\">\u200bCentro Dermatol\u00f3gico Federico Lleras Acosta<\/td>\n<td rowspan=\"1\">\u200bEs una Empresa Social del Estado, ESE, de Alta Complejidad cuyo prop\u00f3sito es la asistencia m\u00e9dica a las personas con enfermedades de la piel, en especial con lepra y leishmaniosis.<\/td>\n<td rowspan=\"1\">\u200b<a href=\"https:\/\/www.hflleras.gov.co\/\" target=\"_blank\" rel=\"noopener noreferrer\">http:\/\/www.dermatologia.gov.co<\/a><\/td>\n<\/tr>\n<tr>\n<td rowspan=\"1\">\u200b<img decoding=\"async\" src=\"https:\/\/assets.supersalud.gov.co\/Iconos\/logo-sanatorio.png\" alt=\"Sanatorio de Agua de Dios\" \/><\/td>\n<td rowspan=\"1\">\u200bSanatorio de Agua de Dios<\/td>\n<td rowspan=\"1\">\u200bEmpresa Social del Estado que tiene por objeto prestar el servicio de salud a los enfermos de Hansen en todo el territorio nacional.<\/td>\n<td rowspan=\"1\">\u200b<a href=\"https:\/\/www.sanatorioaguadedios.gov.co\/\" target=\"_blank\" rel=\"noopener noreferrer\">http:\/\/www.sanatorioaguadedios.gov.co\/es\/<\/a><\/td>\n<\/tr>\n<tr>\n<td rowspan=\"1\">\u200b<img decoding=\"async\" src=\"https:\/\/assets.supersalud.gov.co\/Iconos\/logo-ferrocarriles-nacionales.png\" alt=\"Fondo del Pasivo Social de Ferrocarriles Nacionales\" \/><\/td>\n<td rowspan=\"1\">\u200bFondo del Pasivo Social de Ferrocarriles Nacionales<\/td>\n<td rowspan=\"1\">\u200bEs una entidad adaptada de salud EAS que presta servicios de salud a los pensionados de los Ferrocarriles Nacionales de Colombia, Puertos de Colombia\u00a0 y a sus respectivos beneficiarios.<\/td>\n<td rowspan=\"1\">\u200b<a href=\"http:\/\/www.fps.gov.co\/\" target=\"_blank\" rel=\"noopener noreferrer\">http:\/\/www.fps.gov.co\/<\/a><\/td>\n<\/tr>\n<\/tbody>\n<\/table>\n<\/div>\n<\/div>\n<\/article>\n<\/div>\n<\/div>\n<\/section>\n<\/div>\n<\/div>\n","protected":false},"excerpt":{"rendered":"<p>Directorio de agremiaciones, asociaciones y otros grupos de inter\u00e9s. Nombre Funci\u00f3n P\u00e1gina de Contacto \u200b \u200bCentro Dermatol\u00f3gico Federico Lleras Acosta \u200bEs una Empresa Social del Estado, ESE, de Alta Complejidad [&#8230;]\n","protected":false},"author":19,"featured_media":0,"parent":56350,"menu_order":0,"comment_status":"closed","ping_status":"closed","template":"","meta":{"footnotes":""},"class_list":["post-56356","page","type-page","status-publish","hentry"],"_links":{"self":[{"href":"https:\/\/www.imsalud.gov.co\/web\/wp-json\/wp\/v2\/pages\/56356","targetHints":{"allow":["GET"]}}],"collection":[{"href":"https:\/\/www.imsalud.gov.co\/web\/wp-json\/wp\/v2\/pages"}],"about":[{"href":"https:\/\/www.imsalud.gov.co\/web\/wp-json\/wp\/v2\/types\/page"}],"author":[{"embeddable":true,"href":"https:\/\/www.imsalud.gov.co\/web\/wp-json\/wp\/v2\/users\/19"}],"replies":[{"embeddable":true,"href":"https:\/\/www.imsalud.gov.co\/web\/wp-json\/wp\/v2\/comments?post=56356"}],"version-history":[{"count":5,"href":"https:\/\/www.imsalud.gov.co\/web\/wp-json\/wp\/v2\/pages\/56356\/revisions"}],"predecessor-version":[{"id":90165,"href":"https:\/\/www.imsalud.gov.co\/web\/wp-json\/wp\/v2\/pages\/56356\/revisions\/90165"}],"up":[{"embeddable":true,"href":"https:\/\/www.imsalud.gov.co\/web\/wp-json\/wp\/v2\/pages\/56350"}],"wp:attachment":[{"href":"https:\/\/www.imsalud.gov.co\/web\/wp-json\/wp\/v2\/media?parent=56356"}],"curies":[{"name":"wp","href":"https:\/\/api.w.org\/{rel}","templated":true}]}}