{"id":49772,"date":"2022-06-21T14:28:42","date_gmt":"2022-06-21T19:28:42","guid":{"rendered":"https:\/\/www.imsalud.gov.co\/web\/?page_id=49772"},"modified":"2023-06-09T09:23:29","modified_gmt":"2023-06-09T14:23:29","slug":"educacion","status":"publish","type":"page","link":"https:\/\/www.imsalud.gov.co\/web\/atencion-al-usuario\/educacion\/","title":{"rendered":"Educaci\u00f3n"},"content":{"rendered":"  <div id=\"page-header-1915371205\" class=\"page-header-wrapper\">\n  <div class=\"page-title dark featured-title\">\n\n    \n    <div class=\"page-title-inner container align-center text-center flex-row-col medium-flex-wrap\" >\n              <div class=\"title-wrapper flex-col\">\n          <h1 class=\"entry-title mb-0\">\n            Educaci\u00f3n          <\/h1>\n        <\/div>\n                    <div class=\"title-content flex-col\">\n        <div class=\"title-breadcrumbs pb-half pt-half\"><\/div>      <\/div>\n    <\/div>\n\n       <\/div>\n    <\/div>\n  \n<div class=\"text-center\"><div class=\"is-divider divider clearfix\" style=\"max-width:100%;height:9px;\"><\/div><\/div>\n<div class=\"row\"  id=\"row-423395729\">\n\n\t<div id=\"col-867421053\" class=\"col small-12 large-12\"  >\n\t\t\t\t<div class=\"col-inner\"  >\n\t\t\t\n\t\t\t\n\n<table id=\"tablepress-70\" class=\"tablepress tablepress-id-70\">\n<thead>\n<tr class=\"row-1\">\n\t<th class=\"column-1\">A\u00d1O<\/th><th class=\"column-2\">NOMBRE DEL PROYECTO<\/th><th class=\"column-3\">UNIVERSIDAD<\/th><th class=\"column-4\">PROGRAMA<\/th><th class=\"column-5\">SEMESTRE<\/th><th class=\"column-6\">OBSERVACIONES<\/th><th class=\"column-7\">ENLACE<\/th>\n<\/tr>\n<\/thead>\n<tbody class=\"row-striping row-hover\">\n<tr class=\"row-2\">\n\t<td class=\"column-1\">2025<\/td><td class=\"column-2\">Mapa de Conocimiento Explicito<\/td><td class=\"column-3\"><\/td><td class=\"column-4\"><\/td><td class=\"column-5\"><\/td><td class=\"column-6\"><\/td><td class=\"column-7\"><a href=\"https:\/\/www.imsalud.gov.co\/web\/wp-content\/uploads\/2025\/06\/INVENTARIO-DE-CONOCIMIENTO-EXPLICITO-2025.xlsx\" target=\"_blank\" rel=\"noopener\"> Acceder a la Informaci\u00f3n <\/a><\/td>\n<\/tr>\n<tr class=\"row-3\">\n\t<td class=\"column-1\">2025<\/td><td class=\"column-2\">Mapa de Conocimiento T\u00e1cito<\/td><td class=\"column-3\"><\/td><td class=\"column-4\"><\/td><td class=\"column-5\"><\/td><td class=\"column-6\"><\/td><td class=\"column-7\"><a href=\"https:\/\/www.imsalud.gov.co\/web\/wp-content\/uploads\/2025\/06\/INVENTARIO-DE-CONOCIMIENTO-TACITO-2025.xlsx\" target=\"_blank\" rel=\"noopener\"> Acceder a la Informaci\u00f3n <\/a><\/td>\n<\/tr>\n<tr class=\"row-4\">\n\t<td class=\"column-1\">2025<\/td><td class=\"column-2\">Pol\u00edtica de Docencia - Servicio en la E.S.E. Imsalud<\/td><td class=\"column-3\"><\/td><td class=\"column-4\">Docencia y Servicios<\/td><td class=\"column-5\"><\/td><td class=\"column-6\">Lilliana Mar\u00eda Carmona Vargas<\/td><td class=\"column-7\"><a href=\"https:\/\/www.imsalud.gov.co\/web\/wp-content\/uploads\/2025\/04\/Video-Docencia-Servicio-2025.mp4\" target=\"_blank\" rel=\"noopener\"> Acceder a la Informaci\u00f3n <\/a><\/td>\n<\/tr>\n<tr class=\"row-5\">\n\t<td class=\"column-1\">2024<\/td><td class=\"column-2\">Mapa de Conocimiento T\u00e1cito<\/td><td class=\"column-3\"><\/td><td class=\"column-4\"><\/td><td class=\"column-5\"><\/td><td class=\"column-6\"><\/td><td class=\"column-7\"><a href=\"https:\/\/www.imsalud.gov.co\/web\/wp-content\/uploads\/2024\/12\/THM-01-PO-04-F-02-FORMATO-INVENTARIO-DE-CONOCIMIENTO-TACITO-4-3.xlsx\" target=\"_blank\" rel=\"noopener\"> Acceder a la Informaci\u00f3n <\/a><\/td>\n<\/tr>\n<tr class=\"row-6\">\n\t<td class=\"column-1\">2024<\/td><td class=\"column-2\">Mapa de Conocimiento Explicito<\/td><td class=\"column-3\"><\/td><td class=\"column-4\"><\/td><td class=\"column-5\"><\/td><td class=\"column-6\"><\/td><td class=\"column-7\"><a href=\"https:\/\/www.imsalud.gov.co\/web\/wp-content\/uploads\/2024\/12\/THM-01-PO-04-F-01-FORMATO-INVENTARIO-DE-CONOCIMIENTO-EXPLICITO-ADMON-LABORAL-3.xlsx\" target=\"_blank\" rel=\"noopener\"> Acceder a la Informaci\u00f3n <\/a><\/td>\n<\/tr>\n<tr class=\"row-7\">\n\t<td class=\"column-1\">2023<\/td><td class=\"column-2\">Nivel de conocimiento sobre s\u00edfilis en gestantes de una E.S.E de primer nivel de complejidad en C\u00facuta durante el Primer Semestre del 2023.<\/td><td class=\"column-3\"><\/td><td class=\"column-4\"><\/td><td class=\"column-5\"><\/td><td class=\"column-6\"><\/td><td class=\"column-7\"><a href=\"https:\/\/www.imsalud.gov.co\/web\/wp-content\/uploads\/2024\/04\/INFORME-FINAL-DE-LA-INVESTIGACION-PARA-IMSALUD.pdf\" target=\"_blank\" rel=\"noopener\"> Acceder a la Informaci\u00f3n <\/a><\/td>\n<\/tr>\n<tr class=\"row-8\">\n\t<td class=\"column-1\">2023<\/td><td class=\"column-2\">Dec\u00e1logo H\u00e1bitos de Vida Saludable<\/td><td class=\"column-3\">Universidad de Pamplona<\/td><td class=\"column-4\"><\/td><td class=\"column-5\">IX<\/td><td class=\"column-6\">Karen Dayana Jim\u00e9nez Ram\u00edrez<\/td><td class=\"column-7\"><a href=\"https:\/\/www.imsalud.gov.co\/web\/atencion-al-usuario-educacion-decalogo-habitos-de-vida-saludable-2\/\"> Acceder a la Informaci\u00f3n <\/a><\/td>\n<\/tr>\n<tr class=\"row-9\">\n\t<td class=\"column-1\">2023<\/td><td class=\"column-2\">Aspectos para la Prevenci\u00f3n del Riesgo Cardiovascular<\/td><td class=\"column-3\">Universidad de Pamplona<\/td><td class=\"column-4\"><\/td><td class=\"column-5\">IX<\/td><td class=\"column-6\">Karen Dayana Jim\u00e9nez Ram\u00edrez <\/td><td class=\"column-7\"><a href=\"https:\/\/www.imsalud.gov.co\/web\/atencion-al-usuario-educacion-aspectos-para-prevencion-del-riesgo-cardiovascular\/\"> Acceder a la Informaci\u00f3n <\/a><\/td>\n<\/tr>\n<tr class=\"row-10\">\n\t<td class=\"column-1\">2023<\/td><td class=\"column-2\">Aprendamos juntos sobre la Malaria<\/td><td class=\"column-3\">Universidad de Pamplona<\/td><td class=\"column-4\"><\/td><td class=\"column-5\">IX<\/td><td class=\"column-6\">Mharlly Karina Bonilla Gaviria<\/td><td class=\"column-7\"><a href=\"https:\/\/www.imsalud.gov.co\/web\/wp-content\/uploads\/2023\/11\/VIDEO-MALARIA.mp4\"> Acceder a la Informaci\u00f3n <\/a><\/td>\n<\/tr>\n<tr class=\"row-11\">\n\t<td class=\"column-1\">2023<\/td><td class=\"column-2\">Causas que aumentan la probabilidad de adquirir el C\u00e1ncer de Cuello Uterino<\/td><td class=\"column-3\">Universidad de Pamplona<\/td><td class=\"column-4\"><\/td><td class=\"column-5\">IX<\/td><td class=\"column-6\">M\u00f3nica Liceth Serrano Alvarado<\/td><td class=\"column-7\"><a href=\"https:\/\/www.imsalud.gov.co\/web\/wp-content\/uploads\/2023\/11\/CAUSAS-QUE-AUMENTAN-LA-PROBABILIDAD-DE-ADQUIRIR-EL-CANCER-DE-CUELLO-UTERINO.mp4\"> Acceder a la Informaci\u00f3n <\/a><\/td>\n<\/tr>\n<tr class=\"row-12\">\n\t<td class=\"column-1\">2023<\/td><td class=\"column-2\">Mitos y Realidades entorno a la Toma de Citolog\u00edas<\/td><td class=\"column-3\">Universidad de Pamplona<\/td><td class=\"column-4\"><\/td><td class=\"column-5\">IX<\/td><td class=\"column-6\">M\u00f3nica Liceth Serrano Alvarado<\/td><td class=\"column-7\"><a href=\"https:\/\/www.imsalud.gov.co\/web\/wp-content\/uploads\/2023\/11\/MITOS-Y-REALIDADES-ENTORNO-A-LA-TOMA-DE-CITOLOGIAS.mp4\"> Acceder a la Informaci\u00f3n <\/a><\/td>\n<\/tr>\n<tr class=\"row-13\">\n\t<td class=\"column-1\">2023<\/td><td class=\"column-2\">Procedimiento para la Toma de Citolog\u00eda<\/td><td class=\"column-3\">Universidad de Pamplona<\/td><td class=\"column-4\"><\/td><td class=\"column-5\">IX<\/td><td class=\"column-6\">M\u00f3nica Liceth Serrano Alvarado<\/td><td class=\"column-7\"><a href=\"https:\/\/www.imsalud.gov.co\/web\/wp-content\/uploads\/2023\/11\/Procedimiento-Para-La-Toma-De-Citologia.mp4\"> Acceder a la Informaci\u00f3n <\/a><\/td>\n<\/tr>\n<tr class=\"row-14\">\n\t<td class=\"column-1\">2023<\/td><td class=\"column-2\">Qui\u00e9n puede acceder a la Citolog\u00eda<\/td><td class=\"column-3\">Universidad de Pamplona<\/td><td class=\"column-4\"><\/td><td class=\"column-5\">IX<\/td><td class=\"column-6\">M\u00f3nica Liceth Serrano Alvarado<\/td><td class=\"column-7\"><a href=\"https:\/\/www.imsalud.gov.co\/web\/wp-content\/uploads\/2023\/11\/Quien-Puede-Acceder-A-La-Citologia.mp4\"> Acceder a la Informaci\u00f3n <\/a><\/td>\n<\/tr>\n<tr class=\"row-15\">\n\t<td class=\"column-1\">2023<\/td><td class=\"column-2\">Sensibilizaci\u00f3n para la Toma de Citolog\u00eda<\/td><td class=\"column-3\">Universidad de Pamplona<\/td><td class=\"column-4\"><\/td><td class=\"column-5\">IX<\/td><td class=\"column-6\">M\u00f3nica Liceth Serrano Alvarado<\/td><td class=\"column-7\"><a href=\"https:\/\/www.imsalud.gov.co\/web\/wp-content\/uploads\/2023\/11\/SENSIBILIZACION-PARA-LA-TOMA-DE-CITOLOGIA.mp4\"> Acceder a la Informaci\u00f3n <\/a><\/td>\n<\/tr>\n<tr class=\"row-16\">\n\t<td class=\"column-1\">2023<\/td><td class=\"column-2\">Lactancia con Amor<\/td><td class=\"column-3\">Universidad de Pamplona<\/td><td class=\"column-4\"><\/td><td class=\"column-5\">IX<\/td><td class=\"column-6\">Aury Katherine Romero Avellaneda<\/td><td class=\"column-7\"><a href=\"https:\/\/auryromero2701.wixsite.com\/el-portal-del-oro-bl\"> Acceder a la Informaci\u00f3n <\/a><\/td>\n<\/tr>\n<tr class=\"row-17\">\n\t<td class=\"column-1\">2023<\/td><td class=\"column-2\">Vacunaci\u00f3n VPH<\/td><td class=\"column-3\">Universidad de Pamplona<\/td><td class=\"column-4\"><\/td><td class=\"column-5\">IX<\/td><td class=\"column-6\">M\u00f3nica Liceth Serrano Alvarado<\/td><td class=\"column-7\"><a href=\"https:\/\/www.imsalud.gov.co\/web\/atencion-al-usuario-educacion-vacunacion-vph-2\/\"> Acceder a la Informaci\u00f3n <\/a><\/td>\n<\/tr>\n<tr class=\"row-18\">\n\t<td class=\"column-1\">2023<\/td><td class=\"column-2\">Consejer\u00eda para la Pr\u00e1ctica de Relaciones Sexuales Seguras a Usuarias Asistentes al Servicio de Citolog\u00eda<\/td><td class=\"column-3\">Universidad de Pamplona<\/td><td class=\"column-4\"><\/td><td class=\"column-5\">IX<\/td><td class=\"column-6\">M\u00f3nica Liceth Serrano Alvarado<\/td><td class=\"column-7\"><a href=\"https:\/\/www.imsalud.gov.co\/web\/atencion-al-usuario-educacion-consejeria-para-la-practica-de-relaciones-sexuales-seguras-a-usuarias-asistentes-al-servicio-de-citologia\/\"> Acceder a la Informaci\u00f3n <\/a><\/td>\n<\/tr>\n<tr class=\"row-19\">\n\t<td class=\"column-1\">2023<\/td><td class=\"column-2\">Cuestionario para los Factores de Riesgo del VPH<\/td><td class=\"column-3\">Universidad de Pamplona<\/td><td class=\"column-4\"><\/td><td class=\"column-5\">IX<\/td><td class=\"column-6\">M\u00f3nica Liceth Serrano Alvarado<\/td><td class=\"column-7\"><a href=\"https:\/\/www.imsalud.gov.co\/web\/atencion-al-usuario-educacion-cuestionario-para-los-factores-de-riesgo-del-vph\/\"> Acceder a la Informaci\u00f3n <\/a><\/td>\n<\/tr>\n<tr class=\"row-20\">\n\t<td class=\"column-1\">2023<\/td><td class=\"column-2\">Canalizaci\u00f3n al Programa de Detecci\u00f3n temprana de C\u00e1ncer de Cuello Uterino<\/td><td class=\"column-3\">Universidad de Pamplona<\/td><td class=\"column-4\"><\/td><td class=\"column-5\">IX<\/td><td class=\"column-6\">M\u00f3nica Liceth Serrano Alvarado<\/td><td class=\"column-7\"><a href=\"https:\/\/www.imsalud.gov.co\/web\/atencion-al-usuario-educacion-canalizacion-al-programa-de-deteccion-temprana-de-cancer-de-cuello-uterino\/\"> Acceder a la Informaci\u00f3n <\/a><\/td>\n<\/tr>\n<tr class=\"row-21\">\n\t<td class=\"column-1\">2023<\/td><td class=\"column-2\">Lista de Chequeo Pr\u00e1cticas de Lactancia Materna<\/td><td class=\"column-3\">Universidad de Pamplona<\/td><td class=\"column-4\"><\/td><td class=\"column-5\">IX<\/td><td class=\"column-6\">Jhair Andrey Mel\u00e9ndez S\u00e1nchez<\/td><td class=\"column-7\"><a href=\"https:\/\/www.imsalud.gov.co\/web\/atencion-al-usuario-educacion-lista-de-chequeo-practicas-de-lactancia-materna\/\"> Acceder a la Informaci\u00f3n <\/a><\/td>\n<\/tr>\n<tr class=\"row-22\">\n\t<td class=\"column-1\">2023<\/td><td class=\"column-2\">Lista de Chequeo Ruta de Primera Infancia<\/td><td class=\"column-3\">Universidad de Pamplona<\/td><td class=\"column-4\"><\/td><td class=\"column-5\">IX<\/td><td class=\"column-6\">Jhair Andrey Mel\u00e9ndez S\u00e1nchez<\/td><td class=\"column-7\"><a href=\"https:\/\/www.imsalud.gov.co\/web\/atencion-al-usuario-educacion-lista-de-chequeo-ruta-de-primera-infancia\/\"> Acceder a la Informaci\u00f3n <\/a><\/td>\n<\/tr>\n<tr class=\"row-23\">\n\t<td class=\"column-1\">2023<\/td><td class=\"column-2\">Enfermedad de Hansen o Lepra<\/td><td class=\"column-3\">Universidad de Pamplona<\/td><td class=\"column-4\"><\/td><td class=\"column-5\">IX<\/td><td class=\"column-6\">Wendy Dayana Santamar\u00eda Anaya<\/td><td class=\"column-7\"><a href=\"https:\/\/wendyanaya314.wixsite.com\/enfermedad-de-hansen\"> Acceder a la Informaci\u00f3n <\/a><\/td>\n<\/tr>\n<tr class=\"row-24\">\n\t<td class=\"column-1\">2023<\/td><td class=\"column-2\">Gu\u00eda de Plan de Atenci\u00f3n de Enfermer\u00eda Estandarizado<\/td><td class=\"column-3\">Universidad de Pamplona<\/td><td class=\"column-4\"><\/td><td class=\"column-5\">IX<\/td><td class=\"column-6\">Naidelyn Britto Alvarez<\/td><td class=\"column-7\"><a href=\"https:\/\/www.imsalud.gov.co\/web\/atencion-al-usuario-educacion-guia-de-plan-de-atencion-de-enfermeria-estandarizado\/\"> Acceder a la Informaci\u00f3n <\/a><\/td>\n<\/tr>\n<tr class=\"row-25\">\n\t<td class=\"column-1\">2023<\/td><td class=\"column-2\">Cuidados durante la Infancia<\/td><td class=\"column-3\">Universidad de Pamplona<\/td><td class=\"column-4\"><\/td><td class=\"column-5\">IX<\/td><td class=\"column-6\">Naidelyn Britto Alvarez<\/td><td class=\"column-7\"><a href=\"https:\/\/www.imsalud.gov.co\/web\/atencion-al-usuario-educacion-cuidados-durante-la-infancia-2\/\"> Acceder a la Informaci\u00f3n <\/a><\/td>\n<\/tr>\n<tr class=\"row-26\">\n\t<td class=\"column-1\">2023<\/td><td class=\"column-2\">Manejo Integral de Atenci\u00f3n a las Alteraciones Nutricionales en Ni\u00f1os<\/td><td class=\"column-3\">Universidad de Pamplona<\/td><td class=\"column-4\"><\/td><td class=\"column-5\">IX<\/td><td class=\"column-6\">Aury Katherine Romero Avellaneda<\/td><td class=\"column-7\"><a href=\"https:\/\/www.imsalud.gov.co\/web\/atencion-al-usuario-educacion-manejo-integral-de-atencion-a-las-alteraciones-nutricionales-en-ninos-2\/\"> Acceder a la Informaci\u00f3n <\/a><\/td>\n<\/tr>\n<tr class=\"row-27\">\n\t<td class=\"column-1\">2023<\/td><td class=\"column-2\">Pr\u00e1cticas de Lactancia Materna<\/td><td class=\"column-3\">Universidad de Pamplona<\/td><td class=\"column-4\"><\/td><td class=\"column-5\">IX<\/td><td class=\"column-6\">Jhair Andrey Mel\u00e9ndez S\u00e1nchez<\/td><td class=\"column-7\"><a href=\"https:\/\/www.imsalud.gov.co\/web\/atencion-al-usuario-educacion-practicas-de-lactancia-materna-2\/\"> Acceder a la Informaci\u00f3n <\/a><\/td>\n<\/tr>\n<tr class=\"row-28\">\n\t<td class=\"column-1\">2023<\/td><td class=\"column-2\">Cuidados del Ni\u00f1o en Casa<\/td><td class=\"column-3\">Universidad de Pamplona<\/td><td class=\"column-4\"><\/td><td class=\"column-5\">IX<\/td><td class=\"column-6\">Jhair Andrey Mel\u00e9ndez S\u00e1nchez<\/td><td class=\"column-7\"><a href=\"https:\/\/www.imsalud.gov.co\/web\/atencion-al-usuario-educacion-cuidados-del-nino-casa\/\"> Acceder a la Informaci\u00f3n <\/a><\/td>\n<\/tr>\n<tr class=\"row-29\">\n\t<td class=\"column-1\">2023<\/td><td class=\"column-2\">Componentes del Control Prenatal<\/td><td class=\"column-3\">Universidad de Pamplona<\/td><td class=\"column-4\"><\/td><td class=\"column-5\">IX<\/td><td class=\"column-6\">Sharyth Paola Rodr\u00edguez Hern\u00e1ndez<\/td><td class=\"column-7\"><a href=\"https:\/\/www.imsalud.gov.co\/web\/wp-content\/uploads\/2023\/11\/Ruta-Materno-Perinatal-Puente-Barco.mp4\"> Acceder a la Informaci\u00f3n <\/a><\/td>\n<\/tr>\n<tr class=\"row-30\">\n\t<td class=\"column-1\">2023<\/td><td class=\"column-2\">M\u00e9todos Anticonceptivos<\/td><td class=\"column-3\">Universidad de Pamplona<\/td><td class=\"column-4\"><\/td><td class=\"column-5\">IX<\/td><td class=\"column-6\">Xiomara Daniela Past\u00e1s Chamorro<\/td><td class=\"column-7\"><a href=\"https:\/\/www.imsalud.gov.co\/web\/wp-content\/uploads\/2023\/11\/Video-Metodos-anticonceptivos-Xiomara-Pastas.mp4\"> Acceder a la Informaci\u00f3n <\/a><\/td>\n<\/tr>\n<tr class=\"row-31\">\n\t<td class=\"column-1\">2023<\/td><td class=\"column-2\">Leishmaniasis Cut\u00e1nea<\/td><td class=\"column-3\">Universidad de Pamplona<\/td><td class=\"column-4\"><\/td><td class=\"column-5\">IX<\/td><td class=\"column-6\">Mharlly Karina Bonilla Gaviria<\/td><td class=\"column-7\"><a href=\"https:\/\/www.imsalud.gov.co\/web\/wp-content\/uploads\/2023\/10\/MOSQUITO-ESTRUDIANTE-PAMPLONA.mp4\"> Acceder a la Informaci\u00f3n <\/a><\/td>\n<\/tr>\n<tr class=\"row-32\">\n\t<td class=\"column-1\">2023<\/td><td class=\"column-2\">Derechos Sexuales y Reproductivos<\/td><td class=\"column-3\">Universidad de Pamplona<\/td><td class=\"column-4\"><\/td><td class=\"column-5\">IX<\/td><td class=\"column-6\">Xiomara Daniela Past\u00e1s Chamorro<\/td><td class=\"column-7\"><a href=\"https:\/\/www.imsalud.gov.co\/web\/atencion-al-usuario-derechos-sexuales-y-reproductivos-2\/\"> Acceder a la Informaci\u00f3n <\/a><\/td>\n<\/tr>\n<tr class=\"row-33\">\n\t<td class=\"column-1\">2023<\/td><td class=\"column-2\">Tamizaje De C\u00e1ncer De Cuello Uterino<\/td><td class=\"column-3\">Universidad de Pamplona<\/td><td class=\"column-4\"><\/td><td class=\"column-5\">II<\/td><td class=\"column-6\">Jehyner Bayrony Zu\u00f1iga Pantoja<\/td><td class=\"column-7\"><a href=\"https:\/\/www.imsalud.gov.co\/web\/atencion-al-usuario-educacion-tamizaje-de-cancer-de-cuello-uterino\/\"> Acceder a la Informaci\u00f3n <\/a><\/td>\n<\/tr>\n<tr class=\"row-34\">\n\t<td class=\"column-1\">2023<\/td><td class=\"column-2\">Citolog\u00eda Como Medio De Detecci\u00f3n Temprana Del C\u00e1ncer De Cuello Uterino<\/td><td class=\"column-3\">Universidad de Pamplona<\/td><td class=\"column-4\"><\/td><td class=\"column-5\">II<\/td><td class=\"column-6\">Jehyner Bayrony Zu\u00f1iga Pantoja<\/td><td class=\"column-7\"><a href=\"https:\/\/www.imsalud.gov.co\/web\/citologia-como-medio-de-deteccion-temprana-del-cancer-de-cuello-uterino\/\"> Acceder a la Informaci\u00f3n <\/a><\/td>\n<\/tr>\n<tr class=\"row-35\">\n\t<td class=\"column-1\">2023<\/td><td class=\"column-2\">Conozcamos sobre el Virus del Papiloma  Humano.(VPH) <\/td><td class=\"column-3\">Universidad de Pamplona<\/td><td class=\"column-4\"><\/td><td class=\"column-5\">II<\/td><td class=\"column-6\">Jehyner Bayrony Zu\u00f1iga Pantoja<\/td><td class=\"column-7\"><a href=\"https:\/\/www.imsalud.gov.co\/web\/conozcamos-sobre-el-virus-del-papiloma-humano-vph\/\"> Acceder a la Informaci\u00f3n <\/a><\/td>\n<\/tr>\n<tr class=\"row-36\">\n\t<td class=\"column-1\">2023<\/td><td class=\"column-2\">Prevenci\u00f3n Del C\u00e1ncer De Cuello Uterino<\/td><td class=\"column-3\">Universidad de Pamplona<\/td><td class=\"column-4\"><\/td><td class=\"column-5\">II<\/td><td class=\"column-6\">Jehyner Bayrony Zu\u00f1iga Pantoja<\/td><td class=\"column-7\"><a href=\"https:\/\/www.imsalud.gov.co\/web\/prevencion-del-cancer-de-cuello-uterino\/\"> Acceder a la Informaci\u00f3n <\/a><\/td>\n<\/tr>\n<tr class=\"row-37\">\n\t<td class=\"column-1\">2023<\/td><td class=\"column-2\">Rotafolio de pr\u00e1cticas de cuidado en primera infancia<\/td><td class=\"column-3\">Universidad de Pamplona<\/td><td class=\"column-4\"><\/td><td class=\"column-5\">II<\/td><td class=\"column-6\">Angie Paola Saavedra Vela<\/td><td class=\"column-7\"><a href=\"https:\/\/www.imsalud.gov.co\/web\/rotafolio-de-practicas-de-cuidado-en-primera-infancia\/\"> Acceder a la Informaci\u00f3n <\/a><\/td>\n<\/tr>\n<tr class=\"row-38\">\n\t<td class=\"column-1\">2023<\/td><td class=\"column-2\">Vacunas claves para una salud \u00f3ptima durante el embarazo<\/td><td class=\"column-3\">Universidad de Pamplona<\/td><td class=\"column-4\"><\/td><td class=\"column-5\">II<\/td><td class=\"column-6\">Michael Sebastian Martinez Vaca<\/td><td class=\"column-7\"><a href=\"https:\/\/www.imsalud.gov.co\/web\/vacunas-claves-para-una-salud-optima-durante-el-embarazo\/\">Acceder a la Informaci\u00f3n <\/a><\/td>\n<\/tr>\n<tr class=\"row-39\">\n\t<td class=\"column-1\">2023<\/td><td class=\"column-2\"><br \/>\r\nMitos y verdades comunes sobre la vacunaci\u00f3n en Gestantes <\/td><td class=\"column-3\">Universidad de Pamplona<\/td><td class=\"column-4\"><\/td><td class=\"column-5\">II<\/td><td class=\"column-6\">Michael Sebastian Martinez Vaca<\/td><td class=\"column-7\"><a href=\"https:\/\/www.imsalud.gov.co\/web\/mitos-y-verdades-vacunacion-en-gestantes-2\/\">Acceder a la Informaci\u00f3n <\/a><\/td>\n<\/tr>\n<tr class=\"row-40\">\n\t<td class=\"column-1\">2023<\/td><td class=\"column-2\">Bienvenidos al Mundo de la Lactancia Materna Exclusiva<\/td><td class=\"column-3\">Universidad de Pamplona<\/td><td class=\"column-4\"><\/td><td class=\"column-5\">II<\/td><td class=\"column-6\">William Andres Velez Chavez<\/td><td class=\"column-7\"><a href=\"https:\/\/lactancia-materna-exclusiva7.webnode.com.co\/\">Acceder al Curso <\/a><\/td>\n<\/tr>\n<tr class=\"row-41\">\n\t<td class=\"column-1\">2023<\/td><td class=\"column-2\">Cartilla Lactancia Materna<\/td><td class=\"column-3\">Universidad de Pamplona<\/td><td class=\"column-4\"><\/td><td class=\"column-5\">II<\/td><td class=\"column-6\">William Andres Velez Chavez<\/td><td class=\"column-7\"><a href=\"https:\/\/www.imsalud.gov.co\/web\/cartilla-lactancia-materna\/\">Acceder a la Informaci\u00f3n <\/a><\/td>\n<\/tr>\n<tr class=\"row-42\">\n\t<td class=\"column-1\">2023<\/td><td class=\"column-2\">Detecci\u00f3n Temprana de C\u00e1ncer de Cuello Uterino<\/td><td class=\"column-3\">Universidad de Pamplona<\/td><td class=\"column-4\"><\/td><td class=\"column-5\">II<\/td><td class=\"column-6\">Diana Marcela Espinoza Berm\u00fadez<\/td><td class=\"column-7\"><a href=\"https:\/\/dianaespinozab29.wixsite.com\/curso-del-protocolo\">Acceder al Curso <\/a><\/td>\n<\/tr>\n<tr class=\"row-43\">\n\t<td class=\"column-1\">2023<\/td><td class=\"column-2\">Aprendamos Juntos sobre el Dengue<\/td><td class=\"column-3\">Universidad de Pamplona<\/td><td class=\"column-4\"><\/td><td class=\"column-5\">II<\/td><td class=\"column-6\">Laura Patricia Barrera Mosquera<\/td><td class=\"column-7\"><a href=\"https:\/\/decorazonescucuta.wixsite.com\/dengue\">Acceder a la Informaci\u00f3n <\/a><\/td>\n<\/tr>\n<tr class=\"row-44\">\n\t<td class=\"column-1\">2023<\/td><td class=\"column-2\">Promover Conocimientos Sobre qu\u00e9 es la Tuberculosis y su Prevenci\u00f3n<\/td><td class=\"column-3\">Universidad de Pamplona<\/td><td class=\"column-4\"><\/td><td class=\"column-5\">II<\/td><td class=\"column-6\">Yilbana Yurani Burbano Ch\u00e1vez<\/td><td class=\"column-7\"><a href=\"https:\/\/jairotarapues85.wixsite.com\/tuberculosis\">Acceder a la Informaci\u00f3n <\/a><\/td>\n<\/tr>\n<tr class=\"row-45\">\n\t<td class=\"column-1\">2023<\/td><td class=\"column-2\">Educaci\u00f3n prenatal<\/td><td class=\"column-3\">Universidad de Pamplona<\/td><td class=\"column-4\"><\/td><td class=\"column-5\">I<\/td><td class=\"column-6\">Lizeth Juliana Madro\u00f1ero Bola\u00f1os<\/td><td class=\"column-7\"><a href=\"https:\/\/lizethjulianamb.wixsite.com\/my-site\">Acceder al Curso <\/a><\/td>\n<\/tr>\n<tr class=\"row-46\">\n\t<td class=\"column-1\">2023<\/td><td class=\"column-2\">Rinc\u00f3n Saludable<\/td><td class=\"column-3\">Universidad de Pamplona<\/td><td class=\"column-4\"><\/td><td class=\"column-5\">I<\/td><td class=\"column-6\">Stephany Rodriguez Cubides y Ruby Karina Hernandez Ortiz<\/td><td class=\"column-7\"><a href=\"https:\/\/www.facebook.com\/Rincon-saludable-UBPBL-108512921887676\">Acceder al Curso <\/a><\/td>\n<\/tr>\n<tr class=\"row-47\">\n\t<td class=\"column-1\">2023<\/td><td class=\"column-2\">Efectividad De Las Medidas No Farmacol\u00f3gicas Para El Manejo Del Dolor Durante La Inmunizaci\u00f3n En Ni\u00f1as Y Ni\u00f1os; Bajo La Teor\u00eda Del Confort De Katherine Kolcaba<\/td><td class=\"column-3\">Universidad de Pamplona<\/td><td class=\"column-4\"><\/td><td class=\"column-5\">II<\/td><td class=\"column-6\">Dayron Alberto Jerez Mantilla <br \/>\nIngri Julieta Col\u00f3n Rozo<br \/>\nAngie Daniela Huertas Rivera <br \/>\nDumar Alberto Parada Ortega <br \/>\nPaola Andrea Parra Pinto<br \/>\n<br \/>\n<\/td><td class=\"column-7\"><a href=\"https:\/\/www.imsalud.gov.co\/web\/efectividad-de-las-medidas-no-farmacologicas-para-el-manejo-del-dolor-durante-la-inmunizacion-en-ninas-y-ninos-bajo-la-teoria-del-confort-de-katherine-kolcaba\/\">Acceder a la Informaci\u00f3n <\/a><\/td>\n<\/tr>\n<tr class=\"row-48\">\n\t<td class=\"column-1\">2023<\/td><td class=\"column-2\">Perspectiva De Madres O Cuidadores De Pacientes De Primera Infancia E Infancia Sobre La Atenci\u00f3n Primaria En Salud En La Unidad Basica Puente Barco Leones<\/td><td class=\"column-3\">Universidad de Pamplona<\/td><td class=\"column-4\"><\/td><td class=\"column-5\">II<\/td><td class=\"column-6\">Ana Cristina Santafe Cote<br \/>\nJenny Vanessa Yarpaz Tobar<br \/>\n<\/td><td class=\"column-7\"><a href=\"https:\/\/www.imsalud.gov.co\/web\/perspectiva-de-madres-o-cuidadores-de-pacientes-de-primera-infancia-e-infancia-sobre-la-atencion-primaria-en-salud-en-la-unidad-basica-puente-barco-leones-2\/\">Acceder a la Informaci\u00f3n <\/a><\/td>\n<\/tr>\n<tr class=\"row-49\">\n\t<td class=\"column-1\">2022<\/td><td class=\"column-2\">Gu\u00eda Profesional Para La Atenci\u00f3n Integral En La Primera Infancia<\/td><td class=\"column-3\">Universidad de Pamplona<\/td><td class=\"column-4\"><\/td><td class=\"column-5\">II<\/td><td class=\"column-6\">Jenny Vanessa Yarpaz Tobar<\/td><td class=\"column-7\"><a href=\"https:\/\/vanesayarpaz.wixsite.com\/atencionintegralpinf\">Acceder a la Informaci\u00f3n <\/a><\/td>\n<\/tr>\n<tr class=\"row-50\">\n\t<td class=\"column-1\">2022<\/td><td class=\"column-2\">Material Educativo Para Promover El Autocuidado En Las Gestantes<\/td><td class=\"column-3\">Universidad de Pamplona<\/td><td class=\"column-4\"><\/td><td class=\"column-5\">II<\/td><td class=\"column-6\">Yuliet Andrea Almeida Ram\u00edrez<\/td><td class=\"column-7\"><a href=\"https:\/\/www.imsalud.gov.co\/web\/autocuidado-en-las-gestantes\/\">Acceder a la Informaci\u00f3n <\/a><\/td>\n<\/tr>\n<\/tbody>\n<\/table>\n<!-- #tablepress-70 from cache -->\n\t\t<\/div>\n\t\t\t\t\t<\/div>\n\n\t\n<\/div>\n","protected":false},"excerpt":{"rendered":"","protected":false},"author":19,"featured_media":0,"parent":47389,"menu_order":0,"comment_status":"closed","ping_status":"closed","template":"","meta":{"footnotes":""},"class_list":["post-49772","page","type-page","status-publish","hentry"],"_links":{"self":[{"href":"https:\/\/www.imsalud.gov.co\/web\/wp-json\/wp\/v2\/pages\/49772","targetHints":{"allow":["GET"]}}],"collection":[{"href":"https:\/\/www.imsalud.gov.co\/web\/wp-json\/wp\/v2\/pages"}],"about":[{"href":"https:\/\/www.imsalud.gov.co\/web\/wp-json\/wp\/v2\/types\/page"}],"author":[{"embeddable":true,"href":"https:\/\/www.imsalud.gov.co\/web\/wp-json\/wp\/v2\/users\/19"}],"replies":[{"embeddable":true,"href":"https:\/\/www.imsalud.gov.co\/web\/wp-json\/wp\/v2\/comments?post=49772"}],"version-history":[{"count":32,"href":"https:\/\/www.imsalud.gov.co\/web\/wp-json\/wp\/v2\/pages\/49772\/revisions"}],"predecessor-version":[{"id":77740,"href":"https:\/\/www.imsalud.gov.co\/web\/wp-json\/wp\/v2\/pages\/49772\/revisions\/77740"}],"up":[{"embeddable":true,"href":"https:\/\/www.imsalud.gov.co\/web\/wp-json\/wp\/v2\/pages\/47389"}],"wp:attachment":[{"href":"https:\/\/www.imsalud.gov.co\/web\/wp-json\/wp\/v2\/media?parent=49772"}],"curies":[{"name":"wp","href":"https:\/\/api.w.org\/{rel}","templated":true}]}}