{"id":23608,"date":"2019-10-11T10:50:54","date_gmt":"2019-10-11T15:50:54","guid":{"rendered":"https:\/\/www.imsalud.gov.co\/web\/?page_id=23608"},"modified":"2019-10-11T11:36:29","modified_gmt":"2019-10-11T16:36:29","slug":"mipg","status":"publish","type":"page","link":"https:\/\/www.imsalud.gov.co\/web\/mipg\/","title":{"rendered":"MIPG"},"content":{"rendered":"\n<div class=\"slider-wrapper relative\" id=\"slider-521512963\" >\n    <div class=\"slider slider-nav-circle slider-nav-large slider-nav-light slider-style-normal\"\n        data-flickity-options='{\n            \"cellAlign\": \"center\",\n            \"imagesLoaded\": true,\n            \"lazyLoad\": 1,\n            \"freeScroll\": false,\n            \"wrapAround\": true,\n            \"autoPlay\": 6000,\n            \"pauseAutoPlayOnHover\" : true,\n            \"prevNextButtons\": true,\n            \"contain\" : true,\n            \"adaptiveHeight\" : true,\n            \"dragThreshold\" : 10,\n            \"percentPosition\": true,\n            \"pageDots\": true,\n            \"rightToLeft\": false,\n            \"draggable\": true,\n            \"selectedAttraction\": 0.1,\n            \"parallax\" : 0,\n            \"friction\": 0.6        }'\n        >\n        \n\n\n  <div class=\"banner has-hover is-full-height\" id=\"banner-1962587318\">\n          <div class=\"banner-inner fill\">\n        <div class=\"banner-bg fill\" >\n                                    <div class=\"overlay\"><\/div>            \n                    <\/div>\n\t\t\n        <div class=\"banner-layers container\">\n            <div class=\"fill banner-link\"><\/div>            \n\n   <div id=\"text-box-114576514\" class=\"text-box banner-layer x5 md-x10 lg-x10 y50 md-y50 lg-y50 res-text\">\n              <div data-parallax=\"-1\" data-parallax-fade=\"true\">       <div data-animate=\"fadeInUp\">           <div class=\"text-box-content text dark\">\n              \n              <div class=\"text-inner text-left\">\n                  \n\n<p class=\"alt-font\"><span style=\"font-size: 160%;\">New Trends 2016<\/span><\/p>\n<h2 class=\"uppercase\"><span style=\"font-size: 150%;\"><strong><span data-line-height=\"xs\">CELEBRATE SUMMER<br \/><\/span><\/strong><\/span><\/h2>\n<a class=\"button primary\" style=\"border-radius:99px;\">\n\t\t<span>Shop Now<\/span>\n\t<\/a>\n\n\n\n              <\/div>\n           <\/div>\n       <\/div>       <\/div>              \n<style>\n#text-box-114576514 {\n  width: 77%;\n}\n#text-box-114576514 .text-box-content {\n  font-size: 100%;\n}\n@media (min-width:550px) {\n  #text-box-114576514 {\n    width: 52%;\n  }\n}\n<\/style>\n    <\/div>\n \n\n        <\/div>\n      <\/div>\n\n            \n<style>\n#banner-1962587318 {\n  padding-top: 100%;\n}\n#banner-1962587318 .overlay {\n  background-color: rgba(0, 0, 0, 0.13);\n}\n#banner-1962587318 .banner-bg img {\n  object-position: 68% 11%;\n}\n<\/style>\n  <\/div>\n\n\n\n     <\/div>\n\n     <div class=\"loading-spin dark large centered\"><\/div>\n\n\t<\/div>\n\n\n<div class=\"row row-collapse row-full-width\"  id=\"row-625515661\">\n\n\n\t<div id=\"col-340603257\" class=\"col medium-4 small-12 large-4\"  >\n\t\t\t\t<div class=\"col-inner\"  >\n\t\t\t\n\t\t\t\n\n\n  <div class=\"banner has-hover bg-zoom-fade\" id=\"banner-25299290\">\n          <div class=\"banner-inner fill\">\n        <div class=\"banner-bg fill\" >\n                        \t<div class=\"video-overlay no-click fill\"><\/div>\n\t<div id=\"ytplayer-635\" class=\"ux-youtube fill object-fit hide-for-medium\" data-videoid=\"jMLJlze_j8Q\" data-loop=\"1\" data-audio=\"0\"><\/div>\n            <div class=\"overlay\"><\/div>            \n                    <\/div>\n\t\t\n        <div class=\"banner-layers container\">\n            <div class=\"fill banner-link\"><\/div>               <div id=\"text-box-411419202\" class=\"text-box banner-layer x50 md-x50 lg-x50 y50 md-y50 lg-y50 res-text\">\n                     <div data-animate=\"fadeIn\">           <div class=\"text-box-content text dark\">\n              \n              <div class=\"text-inner text-center\">\n                  \n\n\n              <\/div>\n           <\/div>\n       <\/div>                     \n<style>\n#text-box-411419202 {\n  width: 60%;\n}\n#text-box-411419202 .text-box-content {\n  font-size: 100%;\n}\n@media (min-width:550px) {\n  #text-box-411419202 {\n    width: 60%;\n  }\n}\n<\/style>\n    <\/div>\n         <\/div>\n      <\/div>\n\n            \n<style>\n#banner-25299290 {\n  padding-top: 250px;\n}\n#banner-25299290 .overlay {\n  background-color: rgba(0, 0, 0, 0.12);\n}\n#banner-25299290 .banner-bg img {\n  object-position: 42% 18%;\n}\n<\/style>\n  <\/div>\n\n\n\n\t\t<\/div>\n\t\t\t\t\t<\/div>\n\n\t\n\n\t<div id=\"col-1685014512\" class=\"col medium-4 small-12 large-4\"  >\n\t\t\t\t<div class=\"col-inner\"  >\n\t\t\t\n\t\t\t\n\n\n  <div class=\"banner has-hover bg-zoom-fade\" id=\"banner-928215405\">\n          <div class=\"banner-inner fill\">\n        <div class=\"banner-bg fill\" >\n                                    <div class=\"overlay\"><\/div>            \n                    <\/div>\n\t\t\n        <div class=\"banner-layers container\">\n            <div class=\"fill banner-link\"><\/div>            \n\n   <div id=\"text-box-593766684\" class=\"text-box banner-layer x10 md-x10 lg-x10 y50 md-y50 lg-y50 res-text\">\n                                <div class=\"text-box-content text dark\">\n              \n              <div class=\"text-inner text-left\">\n                  \n\n<h4 class=\"uppercase\">Summer 2017<\/h4>\n<h2 class=\"uppercase\"><strong>NEW Summer Trends<\/strong><\/h2>\n<a class=\"button white is-outline\" style=\"border-radius:99px;\">\n\t\t<span>Shop now<\/span>\n\t<\/a>\n\n\n\n              <\/div>\n           <\/div>\n                            \n<style>\n#text-box-593766684 {\n  width: 70%;\n}\n#text-box-593766684 .text-box-content {\n  font-size: 100%;\n}\n<\/style>\n    <\/div>\n \n\n        <\/div>\n      <\/div>\n\n            \n<style>\n#banner-928215405 {\n  padding-top: 250px;\n}\n#banner-928215405 .overlay {\n  background-color: rgba(0, 0, 0, 0.2);\n}\n#banner-928215405 .banner-bg img {\n  object-position: 50% 57%;\n}\n<\/style>\n  <\/div>\n\n\n\n\t\t<\/div>\n\t\t\t\t\t<\/div>\n\n\t\n\n\t<div id=\"col-41548788\" class=\"col medium-4 small-12 large-4\"  >\n\t\t\t\t<div class=\"col-inner\"  >\n\t\t\t\n\t\t\t\n\n\n  <div class=\"banner has-hover bg-zoom-fade\" id=\"banner-1805825149\">\n          <div class=\"banner-inner fill\">\n        <div class=\"banner-bg fill\" >\n                                    <div class=\"overlay\"><\/div>            \n                    <\/div>\n\t\t\n        <div class=\"banner-layers container\">\n            <div class=\"fill banner-link\"><\/div>            \n\n   <div id=\"text-box-566153083\" class=\"text-box banner-layer x90 md-x90 lg-x90 y50 md-y50 lg-y50 res-text\">\n                                <div class=\"text-box-content text \">\n              \n              <div class=\"text-inner text-right\">\n                  \n\n<h4 class=\"uppercase\">Summer 2017<\/h4>\n<h2 class=\"uppercase\"><strong>NEW Summer Trends<\/strong><\/h2>\n<a class=\"button white is-outline\" style=\"border-radius:99px;\">\n\t\t<span>Shop now<\/span>\n\t<\/a>\n\n\n\n              <\/div>\n           <\/div>\n                            \n<style>\n#text-box-566153083 {\n  width: 70%;\n}\n#text-box-566153083 .text-box-content {\n  font-size: 100%;\n}\n<\/style>\n    <\/div>\n \n\n        <\/div>\n      <\/div>\n\n            \n<style>\n#banner-1805825149 {\n  padding-top: 250px;\n}\n#banner-1805825149 .overlay {\n  background-color: rgba(0, 0, 0, 0.13);\n}\n#banner-1805825149 .banner-bg img {\n  object-position: 31% 0%;\n}\n<\/style>\n  <\/div>\n\n\n\n\t\t<\/div>\n\t\t\t\t\t<\/div>\n\n\t\n\n<\/div>\n<div class=\"row align-center\"  id=\"row-1629313181\">\n\n\n\t<div id=\"col-1400450457\" class=\"col medium-7 small-12 large-7\"  >\n\t\t\t\t<div class=\"col-inner text-center\"  >\n\t\t\t\n\t\t\t\n\n<h2 class=\"uppercase\"><span style=\"font-size: 160%;\">bienvenidos<\/span><\/h2>\n<p>Este es micrositio del Modelo Integrado de Planeaci\u00f3n y Gesti\u00f3n, en donde encontrar\u00e1 la informaci\u00f3n necesaria para implementar MIPG<\/p>\n\n\t\t<\/div>\n\t\t\t\t\n<style>\n#col-1400450457 > .col-inner {\n  padding: 40px 0px 0px 0px;\n}\n<\/style>\n\t<\/div>\n\n\t\n\n<\/div>\n<div class=\"container section-title-container\" style=\"margin-top:30px;\"><h3 class=\"section-title section-title-center\"><b aria-hidden=\"true\"><\/b><span class=\"section-title-main\" >Herramientas de autodiagn\u00f3stico<\/span><b aria-hidden=\"true\"><\/b><\/h3><\/div>\n\n<div class=\"row\"  id=\"row-1285535862\">\n\n\n\t<div id=\"col-899793966\" class=\"col medium-4 small-12 large-4\"  >\n\t\t\t\t<div class=\"col-inner\"  >\n\t\t\t\n\t\t\t\n\n<ul class=\"list2\">\n<li><a href=\"https:\/\/www.funcionpublica.gov.co\/documents\/28587410\/28587917\/Guia+de+Uso+Herramienta+de+Autodiagn%C3%B3stico+Enero+2018.pdf\/29e3c127-a9d3-2a6f-42c0-ff0c82110b45\" target=\"_blank\" rel=\"noopener noreferrer\">Gu\u00eda de uso Herramienta de Autodiagn\u00f3stico<\/a><\/li>\n<li>Autodiagn\u00f3stico de Gesti\u00f3n del talento humano\n<ul class=\"list2\">\n<li><a href=\"https:\/\/www.funcionpublica.gov.co\/documents\/28587425\/35003993\/2019-09-09_Matriz_geth_vfinal.xlsx\/152e5a4c-a66b-d43a-efa9-d10d0091bb8a?t=1568726181540\" target=\"_blank\" rel=\"noopener noreferrer\">Instrumento de Autodiagn\u00f3stico y Plan de Acci\u00f3n \u2013 Nivel Nacional y Nivel Territorial<\/a><\/li>\n<\/ul>\n<\/li>\n<li><a href=\"https:\/\/www.funcionpublica.gov.co\/documents\/28587410\/28587917\/1-2-integridad.xlsx\/04f8b63c-f354-43ab-bbcc-f94ee9638797\" target=\"_blank\" rel=\"noopener noreferrer\">Autodiagn\u00f3stico de Integridad<\/a><\/li>\n<li><a href=\"https:\/\/www.funcionpublica.gov.co\/documents\/28587410\/28587917\/2-1-direccionplaneacion.xlsx\/04f74186-36fd-92ca-c360-f48b9380882f\" target=\"_blank\" rel=\"noopener noreferrer\">Autodiagn\u00f3stico de Direccionamiento y Planeaci\u00f3n<\/a><\/li>\n<\/ul>\n\n\t\t<\/div>\n\t\t\t\t\t<\/div>\n\n\t\n\n\t<div id=\"col-1905471664\" class=\"col medium-4 small-12 large-4\"  >\n\t\t\t\t<div class=\"col-inner\"  >\n\t\t\t\n\t\t\t\n\n<ul class=\"list2\">\n<li><a href=\"https:\/\/www.funcionpublica.gov.co\/documents\/28587410\/28587917\/2-2-planaticorrupcion.xlsx\/a92a5a94-b5ad-e721-16d2-25bd0438427e\" target=\"_blank\" rel=\"noopener noreferrer\">Autodiagn\u00f3stico de Plan Anticorrupci\u00f3n<\/a><\/li>\n<li><a href=\"https:\/\/www.funcionpublica.gov.co\/documents\/28587410\/28587917\/3-1-gestionpresupuestal.xlsx\/e21bec56-3f10-2dd5-0f8d-5a809483e69e\" target=\"_blank\" rel=\"noopener noreferrer\">Autodiagn\u00f3stico de Gesti\u00f3n Presupuestal<\/a><\/li>\n<li><a href=\"https:\/\/autodiagnosticogobdigital.gov.co\/\" target=\"_blank\" rel=\"noopener noreferrer\">Autodiagn\u00f3stico de Gobierno Digital<\/a><\/li>\n<li><a href=\"https:\/\/www.funcionpublica.gov.co\/documents\/28587410\/28587917\/3-3-defensajuridica.xlsx\/cf7eb059-48cc-6f39-1ea7-358438fc0956\" target=\"_blank\" rel=\"noopener noreferrer\">Autodiagn\u00f3stico de Defensa Jur\u00eddica<\/a><\/li>\n<li><a href=\"https:\/\/www.funcionpublica.gov.co\/documents\/28587410\/28587917\/3-4-serviciociudadano.xlsx\/0d3e57bd-9b2a-240e-4a58-a803fedb6fa7\" target=\"_blank\" rel=\"noopener noreferrer\">Autodiagn\u00f3stico de Servicio al Ciudadano<\/a><\/li>\n<li><a href=\"https:\/\/www.funcionpublica.gov.co\/documents\/28587410\/28587917\/3-5-tramites.xlsx\/ca029c8a-e7cb-125d-53e1-d5c49e1c2392\" target=\"_blank\" rel=\"noopener noreferrer\">Autodiagn\u00f3stico de Tr\u00e1mites<\/a><\/li>\n<li><a href=\"https:\/\/www.funcionpublica.gov.co\/documents\/28587410\/28587917\/3-6-participacionciudadana.xlsx\/8a3157c0-b010-6eb9-31fd-83cd18d95667\" target=\"_blank\" rel=\"noopener noreferrer\">Autodiagn\u00f3stico de Participaci\u00f3n Ciudadana<\/a><\/li>\n<li><a href=\"https:\/\/www.funcionpublica.gov.co\/documents\/28587410\/28587917\/3-7-rendicioncuentas.xlsx\/53c6f721-323a-25e2-95fb-3e24062af511?t=1543243733783\" target=\"_blank\" rel=\"noopener noreferrer\">Autodiagn\u00f3stico de Rendici\u00f3n de Cuentas<\/a><\/li>\n<\/ul>\n\n\t\t<\/div>\n\t\t\t\t\t<\/div>\n\n\t\n\n\t<div id=\"col-980643562\" class=\"col medium-4 small-12 large-4\"  >\n\t\t\t\t<div class=\"col-inner\"  >\n\t\t\t\n\t\t\t\n\n<ul class=\"list2\">\n<li><a href=\"https:\/\/www.funcionpublica.gov.co\/documents\/28587410\/28587917\/4-seguimientoevaluaciondesempeno.xlsx\/45a84aa3-af24-c696-3332-b799133994c4\" target=\"\" rel=\"noopener noreferrer\">Autodiagn\u00f3stico de Seguimiento y Evaluaci\u00f3n del Desempe\u00f1o<\/a><\/li>\n<li><a href=\"https:\/\/www.funcionpublica.gov.co\/documents\/28587410\/28587917\/5-1-gestiondocumental.xlsx\/0dae09b0-5cc2-0d15-cfac-139e8c181d11\" target=\"_blank\" rel=\"noopener noreferrer\">Autodiagn\u00f3stico de Gesti\u00f3n Documental<\/a><\/li>\n<li><a href=\"https:\/\/www.funcionpublica.gov.co\/documents\/28587410\/28587917\/5-2-transparenciaaccesoinformacion.xlsx\/a14b8c82-9dc5-e826-4baf-d822c756291b\" target=\"_blank\" rel=\"noopener noreferrer\">Autodiagn\u00f3stico de Transparencia y Acceso a la Informaci\u00f3n<\/a><\/li>\n<li><a href=\"https:\/\/www.funcionpublica.gov.co\/documents\/28587410\/28587917\/Autodiagnostico_Gesti%C3%B3n+del+Conocimiento+y+la+Innovaci%C3%B3n.xlsx\/34dedb34-27e5-2824-62d1-d8170d07b3d4?t=1550863334491\" target=\"_blank\" rel=\"noopener noreferrer\">Autodiagn\u00f3stico de Gesti\u00f3n del Conocimiento y la Innovaci\u00f3n<\/a><\/li>\n<li><a href=\"https:\/\/www.funcionpublica.gov.co\/documents\/28587410\/28587917\/7-controlinterno.xlsx\/45703f31-8e9d-7180-4abf-faae3334b75c\" target=\"_blank\" rel=\"noopener noreferrer\">Autodiagn\u00f3stico de Control Interno<\/a>.<\/li>\n<\/ul>\n\n\t\t<\/div>\n\t\t\t\t\t<\/div>\n\n\t\n\n<\/div>\n\n","protected":false},"excerpt":{"rendered":"","protected":false},"author":19,"featured_media":0,"parent":0,"menu_order":0,"comment_status":"closed","ping_status":"closed","template":"","meta":{"footnotes":""},"class_list":["post-23608","page","type-page","status-publish","hentry"],"_links":{"self":[{"href":"https:\/\/www.imsalud.gov.co\/web\/wp-json\/wp\/v2\/pages\/23608","targetHints":{"allow":["GET"]}}],"collection":[{"href":"https:\/\/www.imsalud.gov.co\/web\/wp-json\/wp\/v2\/pages"}],"about":[{"href":"https:\/\/www.imsalud.gov.co\/web\/wp-json\/wp\/v2\/types\/page"}],"author":[{"embeddable":true,"href":"https:\/\/www.imsalud.gov.co\/web\/wp-json\/wp\/v2\/users\/19"}],"replies":[{"embeddable":true,"href":"https:\/\/www.imsalud.gov.co\/web\/wp-json\/wp\/v2\/comments?post=23608"}],"version-history":[{"count":5,"href":"https:\/\/www.imsalud.gov.co\/web\/wp-json\/wp\/v2\/pages\/23608\/revisions"}],"predecessor-version":[{"id":23613,"href":"https:\/\/www.imsalud.gov.co\/web\/wp-json\/wp\/v2\/pages\/23608\/revisions\/23613"}],"wp:attachment":[{"href":"https:\/\/www.imsalud.gov.co\/web\/wp-json\/wp\/v2\/media?parent=23608"}],"curies":[{"name":"wp","href":"https:\/\/api.w.org\/{rel}","templated":true}]}}