{"id":22753,"date":"2019-08-27T18:51:02","date_gmt":"2019-08-27T23:51:02","guid":{"rendered":"https:\/\/www.imsalud.gov.co\/web\/?page_id=22753"},"modified":"2025-08-28T17:35:55","modified_gmt":"2025-08-28T22:35:55","slug":"procesos-y-procedimientos","status":"publish","type":"page","link":"https:\/\/www.imsalud.gov.co\/web\/transparencia\/estructura-organica-rh\/procesos-y-procedimientos\/","title":{"rendered":"Procesos y Procedimientos"},"content":{"rendered":"\n<div id=\"dflip_post_meta_box_shortcode\" class=\"postbox \">\n<div class=\"inside\">\n<div class=\"dflip-tabs normal-tabs\">\n<p id=\"dflip-tab-content-normal\" class=\"dflip-tab-content dflip-active\"><div class=\"_df_book df-container df-loading \" id=\"df_111742\"  wpoptions=\"true\" ><\/div><script data-cfasync=\"false\">var option_df_111742 = {\"outline\":[],\"forceFit\":\"true\",\"autoEnableOutline\":\"false\",\"autoEnableThumbnail\":\"false\",\"overwritePDFOutline\":\"false\",\"direction\":\"1\",\"pageMode\":\"0\",\"source\":\"https:\\\/\\\/www.imsalud.gov.co\\\/web\\\/wp-content\\\/uploads\\\/2022\\\/02\\\/cartilla-mapa-de-procesos-final_compressed.pdf\",\"wpOptions\":\"true\"}; if(window.DFLIP && DFLIP.parseBooks){DFLIP.parseBooks();}<\/script>\n<\/div>\n<\/div>\n<\/div>\n<div id=\"submitdiv\" class=\"postbox \">\n<div class=\"postbox-header\">\n<div class=\"handle-actions hide-if-no-js\">\u00a0<\/div>\n<\/div>\n<\/div>\n\n<table id=\"tablepress-31\" class=\"tablepress tablepress-id-31\">\n<thead>\n<tr class=\"row-1\">\n\t<th class=\"column-1\">Tipo de Proceso<\/th><th class=\"column-2\">Nombre<\/th><th class=\"column-3\">Caracterizaci\u00f3n<\/th>\n<\/tr>\n<\/thead>\n<tbody class=\"row-striping row-hover\">\n<tr class=\"row-2\">\n\t<td class=\"column-1\">Estrat\u00e9gico<\/td><td class=\"column-2\">Gesti\u00f3n de Direccionamiento Estrat\u00e9gico y Planeaci\u00f3n<\/td><td class=\"column-3\"><a href=\"https:\/\/www.imsalud.gov.co\/web\/wp-content\/uploads\/2023\/10\/DIE-C-01-CARACTERIZACION-DE-GESTION-DE-DIRECCIONAMIENTO-ESTRATEGICO-Y-PLANEACION.pdf\" target=\"_blank\" rel=\"noopener\"><img loading=\"lazy\" decoding=\"async\" src=\"https:\/\/www.imsalud.gov.co\/web\/wp-content\/uploads\/2020\/09\/descarga.png\" alt=\"\" width=\"40\" height=\"40\" class=\"alignnone size-full wp-image-30401\" \/><\/a><\/td>\n<\/tr>\n<tr class=\"row-3\">\n\t<td class=\"column-1\">Estrat\u00e9gico<\/td><td class=\"column-2\">Gesti\u00f3n de Mejoramiento Continuo<\/td><td class=\"column-3\"><a href=\"https:\/\/www.imsalud.gov.co\/web\/wp-content\/uploads\/2023\/10\/MEJ-C-01-CARACTERIZACION-MEJORA-CONTINUA.pdf\" target=\"_blank\" rel=\"noopener\"><img loading=\"lazy\" decoding=\"async\" src=\"https:\/\/www.imsalud.gov.co\/web\/wp-content\/uploads\/2020\/09\/descarga.png\" alt=\"\" width=\"40\" height=\"40\" class=\"alignnone size-full wp-image-30401\" \/><\/a><\/td>\n<\/tr>\n<tr class=\"row-4\">\n\t<td class=\"column-1\">Estrat\u00e9gico<\/td><td class=\"column-2\">Control Interno<\/td><td class=\"column-3\"><a href=\"https:\/\/www.imsalud.gov.co\/web\/wp-content\/uploads\/2023\/10\/CIT-C-01-CARACTERIZACION-CONTROL-INTERNO.pdf\" target=\"_blank\" rel=\"noopener\"><img loading=\"lazy\" decoding=\"async\" src=\"https:\/\/www.imsalud.gov.co\/web\/wp-content\/uploads\/2020\/09\/descarga.png\" alt=\"\" width=\"40\" height=\"40\" class=\"alignnone size-full wp-image-30401\" \/><\/a><\/td>\n<\/tr>\n<tr class=\"row-5\">\n\t<td class=\"column-1\">Misionales<\/td><td class=\"column-2\">Promoci\u00f3n y Mantenimiento de la Salud<\/td><td class=\"column-3\"><a href=\"https:\/\/www.imsalud.gov.co\/web\/wp-content\/uploads\/2023\/10\/PYM-C-01-CARACTERIZACION-PROMOCION-Y-MANTENIMIENTO-DE-LA-SALUD-.pdf\" target=\"_blank\" rel=\"noopener\"><img loading=\"lazy\" decoding=\"async\" src=\"https:\/\/www.imsalud.gov.co\/web\/wp-content\/uploads\/2020\/09\/descarga.png\" alt=\"\" width=\"40\" height=\"40\" class=\"alignnone size-full wp-image-30401\" \/><\/a><\/td>\n<\/tr>\n<tr class=\"row-6\">\n\t<td class=\"column-1\">Misionales<\/td><td class=\"column-2\">Atenci\u00f3n Ambulatoria<\/td><td class=\"column-3\"><a href=\"https:\/\/www.imsalud.gov.co\/web\/wp-content\/uploads\/2024\/01\/ATA-C-01-CARACTERIZACION-ATENCION-AMBULATORIA.pdf\" target=\"_blank\" rel=\"noopener\"><img loading=\"lazy\" decoding=\"async\" src=\"https:\/\/www.imsalud.gov.co\/web\/wp-content\/uploads\/2020\/09\/descarga.png\" alt=\"\" width=\"40\" height=\"40\" class=\"alignnone size-full wp-image-30401\" \/><\/a><\/td>\n<\/tr>\n<tr class=\"row-7\">\n\t<td class=\"column-1\">Misionales<\/td><td class=\"column-2\">Atenci\u00f3n Inmediata<\/td><td class=\"column-3\"><a href=\"https:\/\/www.imsalud.gov.co\/web\/wp-content\/uploads\/2024\/01\/INM-C-01-CARACTERIZACION-ATENCION-INMEDIATA.pdf\" target=\"_blank\" rel=\"noopener\"><img loading=\"lazy\" decoding=\"async\" src=\"https:\/\/www.imsalud.gov.co\/web\/wp-content\/uploads\/2020\/09\/descarga.png\" alt=\"\" width=\"40\" height=\"40\" class=\"alignnone size-full wp-image-30401\" \/><\/a><\/td>\n<\/tr>\n<tr class=\"row-8\">\n\t<td class=\"column-1\">Misionales<\/td><td class=\"column-2\">Atenci\u00f3n Hospitalaria<\/td><td class=\"column-3\"><a href=\"https:\/\/www.imsalud.gov.co\/web\/wp-content\/uploads\/2024\/01\/HOS-C-01-CARACTERIZACION-ATENCION-HOSPITALARIA.pdf\" target=\"_blank\" rel=\"noopener\"><img loading=\"lazy\" decoding=\"async\" src=\"https:\/\/www.imsalud.gov.co\/web\/wp-content\/uploads\/2020\/09\/descarga.png\" alt=\"\" width=\"40\" height=\"40\" class=\"alignnone size-full wp-image-30401\" \/><\/a><\/td>\n<\/tr>\n<tr class=\"row-9\">\n\t<td class=\"column-1\">Misionales<\/td><td class=\"column-2\">Atenci\u00f3n Diagn\u00f3stica y Complementaci\u00f3n Terape\u00fatica<\/td><td class=\"column-3\"><a href=\"https:\/\/www.imsalud.gov.co\/web\/wp-content\/uploads\/2023\/10\/ADC-C-01-CARACTERIZACION-ATENCION-DIAGNOSTICA-Y-COMPLEMENTACION-TERAPEUTICA.pdf\" target=\"_blank\" rel=\"noopener\"><img loading=\"lazy\" decoding=\"async\" src=\"https:\/\/www.imsalud.gov.co\/web\/wp-content\/uploads\/2020\/09\/descarga.png\" alt=\"\" width=\"40\" height=\"40\" class=\"alignnone size-full wp-image-30401\" \/><\/a><\/td>\n<\/tr>\n<tr class=\"row-10\">\n\t<td class=\"column-1\">Apoyo<\/td><td class=\"column-2\">Informaci\u00f3n y Atenci\u00f3n al Usuario<\/td><td class=\"column-3\"><a href=\"https:\/\/www.imsalud.gov.co\/web\/wp-content\/uploads\/2023\/10\/USU-C-01-CARACTERIZACION-SIAU.pdf\" target=\"_blank\" rel=\"noopener\"><img loading=\"lazy\" decoding=\"async\" src=\"https:\/\/www.imsalud.gov.co\/web\/wp-content\/uploads\/2020\/09\/descarga.png\" alt=\"\" width=\"40\" height=\"40\" class=\"alignnone size-full wp-image-30401\" \/><\/a><\/td>\n<\/tr>\n<tr class=\"row-11\">\n\t<td class=\"column-1\">Apoyo<\/td><td class=\"column-2\">Talento Humano<\/td><td class=\"column-3\"><a href=\"https:\/\/www.imsalud.gov.co\/web\/wp-content\/uploads\/2023\/10\/THM-C-01-CARACTERIZACION-TALENTO-HUMANO-.pdf\" target=\"_blank\" rel=\"noopener\"><img loading=\"lazy\" decoding=\"async\" src=\"https:\/\/www.imsalud.gov.co\/web\/wp-content\/uploads\/2020\/09\/descarga.png\" alt=\"\" width=\"40\" height=\"40\" class=\"alignnone size-full wp-image-30401\" \/><\/a><\/td>\n<\/tr>\n<tr class=\"row-12\">\n\t<td class=\"column-1\">Apoyo<\/td><td class=\"column-2\">Gerencia de Ambiente F\u00edsico<\/td><td class=\"column-3\"><a href=\"https:\/\/www.imsalud.gov.co\/web\/wp-content\/uploads\/2023\/10\/AMB-C-01-CARACTERIZACION-AMBIENTE-FISICO.pdf\" target=\"_blank\" rel=\"noopener\"><img loading=\"lazy\" decoding=\"async\" src=\"https:\/\/www.imsalud.gov.co\/web\/wp-content\/uploads\/2020\/09\/descarga.png\" alt=\"\" width=\"40\" height=\"40\" class=\"alignnone size-full wp-image-30401\" \/><\/a><\/td>\n<\/tr>\n<tr class=\"row-13\">\n\t<td class=\"column-1\">Apoyo<\/td><td class=\"column-2\">Gesti\u00f3n Financiera<\/td><td class=\"column-3\"><a href=\"https:\/\/www.imsalud.gov.co\/web\/wp-content\/uploads\/2023\/10\/FIN-C-01-CARACTERIZACION-GESTION-FINANCIERA.pdf\" target=\"_blank\" rel=\"noopener\"><img loading=\"lazy\" decoding=\"async\" src=\"https:\/\/www.imsalud.gov.co\/web\/wp-content\/uploads\/2020\/09\/descarga.png\" alt=\"\" width=\"40\" height=\"40\" class=\"alignnone size-full wp-image-30401\" \/><\/a><\/td>\n<\/tr>\n<tr class=\"row-14\">\n\t<td class=\"column-1\">Apoyo<\/td><td class=\"column-2\">Tecnolog\u00edas, Informaci\u00f3n y Comunicaciones<\/td><td class=\"column-3\"><a href=\"https:\/\/www.imsalud.gov.co\/web\/wp-content\/uploads\/2023\/10\/TIC-C-01-CARACTERIZACION-TIC-II.pdf\" target=\"_blank\" rel=\"noopener\"><img loading=\"lazy\" decoding=\"async\" src=\"https:\/\/www.imsalud.gov.co\/web\/wp-content\/uploads\/2020\/09\/descarga.png\" alt=\"\" width=\"40\" height=\"40\" class=\"alignnone size-full wp-image-30401\" \/><\/a><\/td>\n<\/tr>\n<tr class=\"row-15\">\n\t<td class=\"column-1\">Apoyo<\/td><td class=\"column-2\">Gesti\u00f3n de Contrataci\u00f3n<\/td><td class=\"column-3\"><a href=\"https:\/\/www.imsalud.gov.co\/web\/wp-content\/uploads\/2023\/10\/CON-C-01-CARACTERIZACIONES-CONTRATACION.pdf\" target=\"_blank\" rel=\"noopener\"><img loading=\"lazy\" decoding=\"async\" src=\"https:\/\/www.imsalud.gov.co\/web\/wp-content\/uploads\/2020\/09\/descarga.png\" alt=\"\" width=\"40\" height=\"40\" class=\"alignnone size-full wp-image-30401\" \/><\/a><\/td>\n<\/tr>\n<\/tbody>\n<\/table>\n<!-- #tablepress-31 from cache -->\n<p>\u00a0<\/p>\n<p>\u00a0<\/p>\n\n","protected":false},"excerpt":{"rendered":"","protected":false},"author":19,"featured_media":0,"parent":17076,"menu_order":0,"comment_status":"closed","ping_status":"closed","template":"","meta":{"footnotes":""},"class_list":["post-22753","page","type-page","status-publish","hentry"],"_links":{"self":[{"href":"https:\/\/www.imsalud.gov.co\/web\/wp-json\/wp\/v2\/pages\/22753","targetHints":{"allow":["GET"]}}],"collection":[{"href":"https:\/\/www.imsalud.gov.co\/web\/wp-json\/wp\/v2\/pages"}],"about":[{"href":"https:\/\/www.imsalud.gov.co\/web\/wp-json\/wp\/v2\/types\/page"}],"author":[{"embeddable":true,"href":"https:\/\/www.imsalud.gov.co\/web\/wp-json\/wp\/v2\/users\/19"}],"replies":[{"embeddable":true,"href":"https:\/\/www.imsalud.gov.co\/web\/wp-json\/wp\/v2\/comments?post=22753"}],"version-history":[{"count":10,"href":"https:\/\/www.imsalud.gov.co\/web\/wp-json\/wp\/v2\/pages\/22753\/revisions"}],"predecessor-version":[{"id":111744,"href":"https:\/\/www.imsalud.gov.co\/web\/wp-json\/wp\/v2\/pages\/22753\/revisions\/111744"}],"up":[{"embeddable":true,"href":"https:\/\/www.imsalud.gov.co\/web\/wp-json\/wp\/v2\/pages\/17076"}],"wp:attachment":[{"href":"https:\/\/www.imsalud.gov.co\/web\/wp-json\/wp\/v2\/media?parent=22753"}],"curies":[{"name":"wp","href":"https:\/\/api.w.org\/{rel}","templated":true}]}}