{"id":19484,"date":"2019-03-06T16:05:30","date_gmt":"2019-03-06T21:05:30","guid":{"rendered":"http:\/\/www.imsalud.gov.co\/web\/?page_id=19484"},"modified":"2024-01-26T17:38:31","modified_gmt":"2024-01-26T22:38:31","slug":"politicas-institucionales","status":"publish","type":"page","link":"https:\/\/www.imsalud.gov.co\/web\/transparencia\/planeacion\/politicas-institucionales\/","title":{"rendered":"Pol\u00edticas Institucionales"},"content":{"rendered":"  <div id=\"page-header-1451957741\" class=\"page-header-wrapper\">\n  <div class=\"page-title dark featured-title\">\n\n    \n    <div class=\"page-title-inner container align-center text-center flex-row-col medium-flex-wrap\" >\n              <div class=\"title-wrapper flex-col\">\n          <h1 class=\"entry-title mb-0\">\n            Pol\u00edticas y lineamientos sectoriales e institucionales          <\/h1>\n        <\/div>\n                    <div class=\"title-content flex-col\">\n        <div class=\"title-breadcrumbs pb-half pt-half\"><\/div>      <\/div>\n    <\/div>\n\n     \n<style>\n#page-header-1451957741 .page-title-inner {\n  min-height: 0px;\n}\n<\/style>\n  <\/div>\n    <\/div>\n  \n<div style=\"width: 1020px;\" class=\"wp-video\"><video class=\"wp-video-shortcode\" id=\"video-19484-1\" width=\"1020\" height=\"574\" preload=\"metadata\" controls=\"controls\"><source type=\"video\/mp4\" src=\"https:\/\/www.imsalud.gov.co\/web\/wp-content\/uploads\/2022\/02\/Mipg-Politicas-Institucionales-2021.mp4?_=1\" \/><a href=\"https:\/\/www.imsalud.gov.co\/web\/wp-content\/uploads\/2022\/02\/Mipg-Politicas-Institucionales-2021.mp4\">https:\/\/www.imsalud.gov.co\/web\/wp-content\/uploads\/2022\/02\/Mipg-Politicas-Institucionales-2021.mp4<\/a><\/video><\/div>\n\n<table id=\"tablepress-32\" class=\"tablepress tablepress-id-32\">\n<thead>\n<tr class=\"row-1\">\n\t<th class=\"column-1\">NOMBRE POL\u00cdTICA \/ LINEAMIENTO<\/th><th class=\"column-2\">FECHA APROBACI\u00d3N<\/th><th class=\"column-3\">POL\u00cdTICA<\/th>\n<\/tr>\n<\/thead>\n<tbody class=\"row-striping row-hover\">\n<tr class=\"row-2\">\n\t<td class=\"column-1\">Pol\u00edtica para la Prevenci\u00f3n del Acoso Laboral y Sexual<\/td><td class=\"column-2\">2026-02-26<\/td><td class=\"column-3\"><a href=\"https:\/\/www.imsalud.gov.co\/web\/wp-content\/uploads\/2026\/02\/RESOLUCION-138-POLITICA-PREVENCION-ACOSO-LABORAL.pdf\" target=\"_blank\" rel=\"noopener\"><img loading=\"lazy\" decoding=\"async\" src=\"https:\/\/www.imsalud.gov.co\/web\/wp-content\/uploads\/2020\/09\/descarga.png\" alt=\"\" width=\"40\" height=\"40\" class=\"alignnone size-full wp-image-30401\" \/><\/a><\/td>\n<\/tr>\n<tr class=\"row-3\">\n\t<td class=\"column-1\">Pol\u00edtica de Gesti\u00f3n Estrat\u00e9gica de Talento Humano<\/td><td class=\"column-2\">2026-01-30<\/td><td class=\"column-3\"><a href=\"https:\/\/www.imsalud.gov.co\/web\/wp-content\/uploads\/2026\/02\/RESOLUCION-061-Politica-GETH.pdf\" target=\"_blank\" rel=\"noopener\"><img loading=\"lazy\" decoding=\"async\" src=\"https:\/\/www.imsalud.gov.co\/web\/wp-content\/uploads\/2020\/09\/descarga.png\" alt=\"\" width=\"40\" height=\"40\" class=\"alignnone size-full wp-image-30401\" \/><\/a><\/td>\n<\/tr>\n<tr class=\"row-4\">\n\t<td class=\"column-1\">Manual de Pol\u00edticas Contables de la Empresa Social del Estado IMSALUD<\/td><td class=\"column-2\">2025-12-30<\/td><td class=\"column-3\"><a href=\"https:\/\/www.imsalud.gov.co\/web\/wp-content\/uploads\/2026\/03\/FIN-02-M-01-MANUAL-DE-POLITICAS-CONTABLES-ESE-IMSALUD.pdf\" target=\"_blank\" rel=\"noopener\"><img loading=\"lazy\" decoding=\"async\" src=\"https:\/\/www.imsalud.gov.co\/web\/wp-content\/uploads\/2020\/09\/descarga.png\" alt=\"\" width=\"40\" height=\"40\" class=\"alignnone size-full wp-image-30401\" \/><\/a><\/td>\n<\/tr>\n<tr class=\"row-5\">\n\t<td class=\"column-1\">Pol\u00edtica de Seguridad y Salud en el Trabajo<\/td><td class=\"column-2\">2025-12-10<\/td><td class=\"column-3\"><a href=\"https:\/\/www.imsalud.gov.co\/web\/wp-content\/uploads\/2026\/01\/RESOLUCION-871-politica-de-seguridad-y-salud-en-el-trabajo.pdf\" target=\"_blank\" rel=\"noopener\"><img loading=\"lazy\" decoding=\"async\" src=\"https:\/\/www.imsalud.gov.co\/web\/wp-content\/uploads\/2020\/09\/descarga.png\" alt=\"\" width=\"40\" height=\"40\" class=\"alignnone size-full wp-image-30401\" \/><\/a><\/td>\n<\/tr>\n<tr class=\"row-6\">\n\t<td class=\"column-1\">Pol\u00edtica de Seguridad Vial<\/td><td class=\"column-2\">2025-12-10<\/td><td class=\"column-3\"><a href=\"https:\/\/www.imsalud.gov.co\/web\/wp-content\/uploads\/2026\/01\/RESOLUCION-870-politica-seguridad-vial.pdf\" target=\"_blank\" rel=\"noopener\"><img loading=\"lazy\" decoding=\"async\" src=\"https:\/\/www.imsalud.gov.co\/web\/wp-content\/uploads\/2020\/09\/descarga.png\" alt=\"\" width=\"40\" height=\"40\" class=\"alignnone size-full wp-image-30401\" \/><\/a><\/td>\n<\/tr>\n<tr class=\"row-7\">\n\t<td class=\"column-1\">Pol\u00edtica de Docencia Servicio e Investigaci\u00f3n<\/td><td class=\"column-2\">2025-12-06<\/td><td class=\"column-3\"><a href=\"https:\/\/www.imsalud.gov.co\/web\/wp-content\/uploads\/2026\/01\/POLITICA-DOCENCIA-SERVICIO.pdf\" target=\"_blank\" rel=\"noopener\"><img loading=\"lazy\" decoding=\"async\" src=\"https:\/\/www.imsalud.gov.co\/web\/wp-content\/uploads\/2020\/09\/descarga.png\" alt=\"\" width=\"40\" height=\"40\" class=\"alignnone size-full wp-image-30401\" \/><\/a><\/td>\n<\/tr>\n<tr class=\"row-8\">\n\t<td class=\"column-1\">Pol\u00edtica de Gesti\u00f3n del Conocimiento y la Innovaci\u00f3n<\/td><td class=\"column-2\">2025-11-25<\/td><td class=\"column-3\"><a href=\"https:\/\/www.imsalud.gov.co\/web\/wp-content\/uploads\/2026\/02\/RESOLUCION-847-GESTION-DE-LA-INNOVACION.pdf\" target=\"_blank\" rel=\"noopener\"><img loading=\"lazy\" decoding=\"async\" src=\"https:\/\/www.imsalud.gov.co\/web\/wp-content\/uploads\/2020\/09\/descarga.png\" alt=\"\" width=\"40\" height=\"40\" class=\"alignnone size-full wp-image-30401\" \/><\/a><\/td>\n<\/tr>\n<tr class=\"row-9\">\n\t<td class=\"column-1\">Pol\u00edtica de Integridad<\/td><td class=\"column-2\">2025-12-01<\/td><td class=\"column-3\"><a href=\"https:\/\/www.imsalud.gov.co\/web\/wp-content\/uploads\/2026\/02\/Resolucion-839-politica-de-integridad-1.pdf\" target=\"_blank\" rel=\"noopener\"><img loading=\"lazy\" decoding=\"async\" src=\"https:\/\/www.imsalud.gov.co\/web\/wp-content\/uploads\/2020\/09\/descarga.png\" alt=\"\" width=\"40\" height=\"40\" class=\"alignnone size-full wp-image-30401\" \/><\/a><\/td>\n<\/tr>\n<tr class=\"row-10\">\n\t<td class=\"column-1\">Pol\u00edtica para la Prevenci\u00f3n del Consumo de Tabaco y Sustancias Psicoactivas<\/td><td class=\"column-2\">2025-10-28<\/td><td class=\"column-3\"><a href=\"https:\/\/www.imsalud.gov.co\/web\/wp-content\/uploads\/2025\/11\/DIE-01-PC-30-POLITICA-PARA-LA-PREVENCION-DEL-CONSUMO-DE-TABACO-Y-SUSTANCIAS-PSICOACTIVAS.pdf\" target=\"_blank\" rel=\"noopener\"><img loading=\"lazy\" decoding=\"async\" src=\"https:\/\/www.imsalud.gov.co\/web\/wp-content\/uploads\/2020\/09\/descarga.png\" alt=\"\" width=\"40\" height=\"40\" class=\"alignnone size-full wp-image-30401\" \/><\/a><\/td>\n<\/tr>\n<tr class=\"row-11\">\n\t<td class=\"column-1\">Pol\u00edtica de Seguridad y Privacidad de la Informaci\u00f3n<\/td><td class=\"column-2\">2026-01-30<\/td><td class=\"column-3\"><a href=\"https:\/\/www.imsalud.gov.co\/web\/wp-content\/uploads\/2026\/02\/RESOLUCION-062-POLITICA-DE-SEGURIDAD-Y-PRIVACIDAD-DE-LA-INF.pdf\" target=\"_blank\" rel=\"noopener\"><img loading=\"lazy\" decoding=\"async\" src=\"https:\/\/www.imsalud.gov.co\/web\/wp-content\/uploads\/2020\/09\/descarga.png\" alt=\"\" width=\"40\" height=\"40\" class=\"alignnone size-full wp-image-30401\" \/><\/a><\/td>\n<\/tr>\n<tr class=\"row-12\">\n\t<td class=\"column-1\">Pol\u00edtica de Compras y Contrataci\u00f3n P\u00fablica<\/td><td class=\"column-2\">2025-12-11<\/td><td class=\"column-3\"><a href=\"https:\/\/www.imsalud.gov.co\/web\/wp-content\/uploads\/2026\/02\/RESOLUCION-875-POLITICAS-DE-COMPRAS-2025.pdf\" target=\"_blank\" rel=\"noopener\"><img loading=\"lazy\" decoding=\"async\" src=\"https:\/\/www.imsalud.gov.co\/web\/wp-content\/uploads\/2020\/09\/descarga.png\" alt=\"\" width=\"40\" height=\"40\" class=\"alignnone size-full wp-image-30401\" \/><\/a><\/td>\n<\/tr>\n<tr class=\"row-13\">\n\t<td class=\"column-1\">Pol\u00edtica de Gesti\u00f3n Presupuestal y Eficiencia del Gasto P\u00fablico<\/td><td class=\"column-2\">2025-12-09<\/td><td class=\"column-3\"><a href=\"https:\/\/www.imsalud.gov.co\/web\/wp-content\/uploads\/2026\/02\/RESOLUCION-865-ACLARACION-RESOLUCION-No.-840-POLITICA-GESTION-Y-EFICICIENCIA-GASTO.pdf\" target=\"_blank\" rel=\"noopener\"><img loading=\"lazy\" decoding=\"async\" src=\"https:\/\/www.imsalud.gov.co\/web\/wp-content\/uploads\/2020\/09\/descarga.png\" alt=\"\" width=\"40\" height=\"40\" class=\"alignnone size-full wp-image-30401\" \/><\/a><\/td>\n<\/tr>\n<tr class=\"row-14\">\n\t<td class=\"column-1\">Pol\u00edtica de Calidad Institucional<\/td><td class=\"column-2\">2025-12-29<\/td><td class=\"column-3\"><a href=\"https:\/\/www.imsalud.gov.co\/web\/wp-content\/uploads\/2025\/12\/POLITICA-DE-CALIDAD-Y-RESOLUCION.pdf\" target=\"_blank\" rel=\"noopener\"><img loading=\"lazy\" decoding=\"async\" src=\"https:\/\/www.imsalud.gov.co\/web\/wp-content\/uploads\/2020\/09\/descarga.png\" alt=\"\" width=\"40\" height=\"40\" class=\"alignnone size-full wp-image-30401\" \/><\/a><\/td>\n<\/tr>\n<tr class=\"row-15\">\n\t<td class=\"column-1\">Pol\u00edtica de Mejora Normativa<\/td><td class=\"column-2\">2025-12-22<\/td><td class=\"column-3\"><a href=\"https:\/\/www.imsalud.gov.co\/web\/wp-content\/uploads\/2026\/01\/RESOLUCION-918-DE-2025-MODIFICACION-POLITICA-MEJORA-NORMATIVA-ENTIDAD.pdf\" target=\"_blank\" rel=\"noopener\"><img loading=\"lazy\" decoding=\"async\" src=\"https:\/\/www.imsalud.gov.co\/web\/wp-content\/uploads\/2020\/09\/descarga.png\" alt=\"\" width=\"40\" height=\"40\" class=\"alignnone size-full wp-image-30401\" \/><\/a><\/td>\n<\/tr>\n<tr class=\"row-16\">\n\t<td class=\"column-1\">Pol\u00edtica de Seguimiento y Evaluaci\u00f3n del Desempe\u00f1o Institucional<\/td><td class=\"column-2\">2025-12-16<\/td><td class=\"column-3\"><a href=\"https:\/\/www.imsalud.gov.co\/web\/wp-content\/uploads\/2025\/12\/4.-POLITICA-DE-SEGUIMIENTO-Y-EVALUACION-DEL-DESEMPENO-INSTITUCIONAL-888.pdf\" target=\"_blank\" rel=\"noopener\"><img loading=\"lazy\" decoding=\"async\" src=\"https:\/\/www.imsalud.gov.co\/web\/wp-content\/uploads\/2020\/09\/descarga.png\" alt=\"\" width=\"40\" height=\"40\" class=\"alignnone size-full wp-image-30401\" \/><\/a><\/td>\n<\/tr>\n<tr class=\"row-17\">\n\t<td class=\"column-1\">Pol\u00edtica de Racionalizaci\u00f3n de Tr\u00e1mites<\/td><td class=\"column-2\">2025-12-16<\/td><td class=\"column-3\"><a href=\"https:\/\/www.imsalud.gov.co\/web\/wp-content\/uploads\/2025\/12\/3.-POLITICA-DE-RACIONALIZACION-DE-TRAMITES-ESE-IMSALUD-887.pdf\" target=\"_blank\" rel=\"noopener\"><img loading=\"lazy\" decoding=\"async\" src=\"https:\/\/www.imsalud.gov.co\/web\/wp-content\/uploads\/2020\/09\/descarga.png\" alt=\"\" width=\"40\" height=\"40\" class=\"alignnone size-full wp-image-30401\" \/><\/a><\/td>\n<\/tr>\n<tr class=\"row-18\">\n\t<td class=\"column-1\">Pol\u00edtica de Fortalecimiento Organizacional y Simplificaci\u00f3n de Procesos<\/td><td class=\"column-2\">2025-12-16<\/td><td class=\"column-3\"><a href=\"https:\/\/www.imsalud.gov.co\/web\/wp-content\/uploads\/2025\/12\/2.-POLITICA-FORTALECIMIENTO-ORGANIZACIONAL-PROCESOS-ESE-IMSALUD-886.pdf\" target=\"_blank\" rel=\"noopener\"><img loading=\"lazy\" decoding=\"async\" src=\"https:\/\/www.imsalud.gov.co\/web\/wp-content\/uploads\/2020\/09\/descarga.png\" alt=\"\" width=\"40\" height=\"40\" class=\"alignnone size-full wp-image-30401\" \/><\/a><\/td>\n<\/tr>\n<tr class=\"row-19\">\n\t<td class=\"column-1\">Pol\u00edtica Planeaci\u00f3n Institucional<\/td><td class=\"column-2\">2025-12-16<\/td><td class=\"column-3\"><a href=\"https:\/\/www.imsalud.gov.co\/web\/wp-content\/uploads\/2025\/12\/1.-POLITICA-DE-PLANIFICACION-INSTITUCIONAL-885.pdf\" target=\"_blank\" rel=\"noopener\"><img loading=\"lazy\" decoding=\"async\" src=\"https:\/\/www.imsalud.gov.co\/web\/wp-content\/uploads\/2020\/09\/descarga.png\" alt=\"\" width=\"40\" height=\"40\" class=\"alignnone size-full wp-image-30401\" \/><\/a><\/td>\n<\/tr>\n<tr class=\"row-20\">\n\t<td class=\"column-1\">Pol\u00edtica de Archivo y Gesti\u00f3n Documental<\/td><td class=\"column-2\">2025-12-06<\/td><td class=\"column-3\"><a href=\"https:\/\/www.imsalud.gov.co\/web\/wp-content\/uploads\/2025\/12\/POLITICA-ARCHIVO-Y-GESTION-DOCUMENTAL-CON-RESOLUCION.pdf\" target=\"_blank\" rel=\"noopener\"><img loading=\"lazy\" decoding=\"async\" src=\"https:\/\/www.imsalud.gov.co\/web\/wp-content\/uploads\/2020\/09\/descarga.png\" alt=\"\" width=\"40\" height=\"40\" class=\"alignnone size-full wp-image-30401\" \/><\/a><\/td>\n<\/tr>\n<tr class=\"row-21\">\n\t<td class=\"column-1\">Politica de Transparencia y Acceso a la Informacion Publica y Lucha contra la Corrupcion<\/td><td class=\"column-2\">2025-12-03<\/td><td class=\"column-3\"><a href=\"https:\/\/www.imsalud.gov.co\/web\/wp-content\/uploads\/2025\/12\/RESOLUCION-837-POLITICA-TRANSPARENCIA-ACCESO-A-LA-INF-PBL.pdf\" target=\"_blank\" rel=\"noopener\"><img loading=\"lazy\" decoding=\"async\" src=\"https:\/\/www.imsalud.gov.co\/web\/wp-content\/uploads\/2020\/09\/descarga.png\" alt=\"\" width=\"40\" height=\"40\" class=\"alignnone size-full wp-image-30401\" \/><\/a><\/td>\n<\/tr>\n<tr class=\"row-22\">\n\t<td class=\"column-1\">Pol\u00edtica de Tratamiento de Datos Personales<\/td><td class=\"column-2\">2025-12-03<\/td><td class=\"column-3\"><a href=\"https:\/\/www.imsalud.gov.co\/web\/wp-content\/uploads\/2025\/12\/RESOLUCION-836-POLITICA-TRATAMIENTO-DE-DATOS-PERSONALES.pdf\" target=\"_blank\" rel=\"noopener\"><img loading=\"lazy\" decoding=\"async\" src=\"https:\/\/www.imsalud.gov.co\/web\/wp-content\/uploads\/2020\/09\/descarga.png\" alt=\"\" width=\"40\" height=\"40\" class=\"alignnone size-full wp-image-30401\" \/><\/a><\/td>\n<\/tr>\n<tr class=\"row-23\">\n\t<td class=\"column-1\">Pol\u00edtica de Seguridad y Privacidad de la Informaci\u00f3n<\/td><td class=\"column-2\">2025-12-03<\/td><td class=\"column-3\"><a href=\"https:\/\/www.imsalud.gov.co\/web\/wp-content\/uploads\/2025\/12\/RESOLUCION-835-POLITICA-SEGUIRDAD-Y-PRIVACIDAD-DE-LA-INF.pdf\" target=\"_blank\" rel=\"noopener\"><img loading=\"lazy\" decoding=\"async\" src=\"https:\/\/www.imsalud.gov.co\/web\/wp-content\/uploads\/2020\/09\/descarga.png\" alt=\"\" width=\"40\" height=\"40\" class=\"alignnone size-full wp-image-30401\" \/><\/a><\/td>\n<\/tr>\n<tr class=\"row-24\">\n\t<td class=\"column-1\">Pol\u00edtica de Gesti\u00f3n de la Informaci\u00f3n Estad\u00edstica<\/td><td class=\"column-2\">2025-12-03<\/td><td class=\"column-3\"><a href=\"https:\/\/www.imsalud.gov.co\/web\/wp-content\/uploads\/2025\/12\/RESOLUCION-834-GESTION-DE-LA-INFORMACION-ESTADISTICA.pdf\" target=\"_blank\" rel=\"noopener\"><img loading=\"lazy\" decoding=\"async\" src=\"https:\/\/www.imsalud.gov.co\/web\/wp-content\/uploads\/2020\/09\/descarga.png\" alt=\"\" width=\"40\" height=\"40\" class=\"alignnone size-full wp-image-30401\" \/><\/a><\/td>\n<\/tr>\n<tr class=\"row-25\">\n\t<td class=\"column-1\">Pol\u00edtica de Gobierno Digital<\/td><td class=\"column-2\">2025-12-03<\/td><td class=\"column-3\"><a href=\"https:\/\/www.imsalud.gov.co\/web\/wp-content\/uploads\/2025\/12\/RESOLUCION-833-POLITICA-GOBIERNO-DIGITAL.pdf\" target=\"_blank\" rel=\"noopener\"><img loading=\"lazy\" decoding=\"async\" src=\"https:\/\/www.imsalud.gov.co\/web\/wp-content\/uploads\/2020\/09\/descarga.png\" alt=\"\" width=\"40\" height=\"40\" class=\"alignnone size-full wp-image-30401\" \/><\/a><\/td>\n<\/tr>\n<tr class=\"row-26\">\n\t<td class=\"column-1\">Pol\u00edtica de Control Interno<\/td><td class=\"column-2\">2025-12-01<\/td><td class=\"column-3\"><a href=\"https:\/\/www.imsalud.gov.co\/web\/wp-content\/uploads\/2026\/01\/politica-administracion-integral-riesgo.pdf\" target=\"_blank\" rel=\"noopener\"><img loading=\"lazy\" decoding=\"async\" src=\"https:\/\/www.imsalud.gov.co\/web\/wp-content\/uploads\/2020\/09\/descarga.png\" alt=\"\" width=\"40\" height=\"40\" class=\"alignnone size-full wp-image-30401\" \/><\/a><\/td>\n<\/tr>\n<tr class=\"row-27\">\n\t<td class=\"column-1\">Pol\u00edtica de Prevenci\u00f3n del Da\u00f1o Antijur\u00eddico y Defensa<\/td><td class=\"column-2\">2025-11-10<\/td><td class=\"column-3\"><a href=\"https:\/\/www.imsalud.gov.co\/web\/wp-content\/uploads\/2026\/01\/Resolucion-857-de-2025-Modificacion-Politica-Prevencion-del-Dano-antijuridico.pdf\" target=\"_blank\" rel=\"noopener\"><img loading=\"lazy\" decoding=\"async\" src=\"https:\/\/www.imsalud.gov.co\/web\/wp-content\/uploads\/2020\/09\/descarga.png\" alt=\"\" width=\"40\" height=\"40\" class=\"alignnone size-full wp-image-30401\" \/><\/a><\/td>\n<\/tr>\n<tr class=\"row-28\">\n\t<td class=\"column-1\">Pol\u00edtica de Participaci\u00f3n Social en Salud<\/td><td class=\"column-2\">2025-10-28<\/td><td class=\"column-3\"><a href=\"https:\/\/www.imsalud.gov.co\/web\/wp-content\/uploads\/2026\/01\/DIE-01-PC-03-POLITICA-DE-PARTICIPACION-SOCIAL-EN-SALUD-ESE-IMSALUD-1.pdf\" target=\"_blank\" rel=\"noopener\"><img loading=\"lazy\" decoding=\"async\" src=\"https:\/\/www.imsalud.gov.co\/web\/wp-content\/uploads\/2020\/09\/descarga.png\" alt=\"\" width=\"40\" height=\"40\" class=\"alignnone size-full wp-image-30401\" \/><\/a><\/td>\n<\/tr>\n<tr class=\"row-29\">\n\t<td class=\"column-1\">Pol\u00edtica de Seguridad del Paciente<\/td><td class=\"column-2\">2025-10-08<\/td><td class=\"column-3\"><a href=\"https:\/\/www.imsalud.gov.co\/web\/wp-content\/uploads\/2025\/10\/RESOLUCION-700.pdf\" target=\"_blank\" rel=\"noopener\"><img loading=\"lazy\" decoding=\"async\" src=\"https:\/\/www.imsalud.gov.co\/web\/wp-content\/uploads\/2020\/09\/descarga.png\" alt=\"\" width=\"40\" height=\"40\" class=\"alignnone size-full wp-image-30401\" \/><\/a><\/td>\n<\/tr>\n<tr class=\"row-30\">\n\t<td class=\"column-1\">Pol\u00edtica de Administraci\u00f3n Integral del Riesgo<\/td><td class=\"column-2\">2025-10-08<\/td><td class=\"column-3\"><a href=\"https:\/\/www.imsalud.gov.co\/web\/wp-content\/uploads\/2026\/01\/politica-administracion-integral-riesgo.pdf\" target=\"_blank\" rel=\"noopener\"><img loading=\"lazy\" decoding=\"async\" src=\"https:\/\/www.imsalud.gov.co\/web\/wp-content\/uploads\/2020\/09\/descarga.png\" alt=\"\" width=\"40\" height=\"40\" class=\"alignnone size-full wp-image-30401\" \/><\/a><\/td>\n<\/tr>\n<tr class=\"row-31\">\n\t<td class=\"column-1\">Pol\u00edtica de Responsabilidad Social<\/td><td class=\"column-2\">2025-07-14<\/td><td class=\"column-3\"><a href=\"https:\/\/www.imsalud.gov.co\/web\/wp-content\/uploads\/2025\/10\/RESOLUCION-493.pdf\" target=\"_blank\" rel=\"noopener\"><img loading=\"lazy\" decoding=\"async\" src=\"https:\/\/www.imsalud.gov.co\/web\/wp-content\/uploads\/2020\/09\/descarga.png\" alt=\"\" width=\"40\" height=\"40\" class=\"alignnone size-full wp-image-30401\" \/><\/a><\/td>\n<\/tr>\n<tr class=\"row-32\">\n\t<td class=\"column-1\">Pol\u00edtica de Gesti\u00f3n Ambiental<\/td><td class=\"column-2\">2024-10-30<\/td><td class=\"column-3\"><a href=\"https:\/\/www.imsalud.gov.co\/web\/wp-content\/uploads\/2025\/03\/DIE-01-PC-29-POLITICA-DE-GESTION-AMBIENTAL.pdf\" target=\"_blank\" rel=\"noopener\"><img loading=\"lazy\" decoding=\"async\" src=\"https:\/\/www.imsalud.gov.co\/web\/wp-content\/uploads\/2020\/09\/descarga.png\" alt=\"\" width=\"40\" height=\"40\" class=\"alignnone size-full wp-image-30401\" \/><\/a><\/td>\n<\/tr>\n<tr class=\"row-33\">\n\t<td class=\"column-1\">Pol\u00edtica de Seguridad Vial<\/td><td class=\"column-2\">2024-11-26<\/td><td class=\"column-3\"><a href=\"https:\/\/www.imsalud.gov.co\/web\/wp-content\/uploads\/2025\/03\/DIE-01-PC-34-POLITICA-DE-SEGURIDAD-VIAL.pdf\" target=\"_blank\" rel=\"noopener\"><img loading=\"lazy\" decoding=\"async\" src=\"https:\/\/www.imsalud.gov.co\/web\/wp-content\/uploads\/2020\/09\/descarga.png\" alt=\"\" width=\"40\" height=\"40\" class=\"alignnone size-full wp-image-30401\" \/><\/a><\/td>\n<\/tr>\n<tr class=\"row-34\">\n\t<td class=\"column-1\">C\u00f3digo de Integridad <\/td><td class=\"column-2\">2025-01-28<\/td><td class=\"column-3\"><a href=\"https:\/\/www.imsalud.gov.co\/web\/wp-content\/uploads\/2025\/02\/THM-01-R-01-CODIGO-DE-INTEGRIDAD.pdf\" target=\"_blank\" rel=\"noopener\"><img loading=\"lazy\" decoding=\"async\" src=\"https:\/\/www.imsalud.gov.co\/web\/wp-content\/uploads\/2020\/09\/descarga.png\" alt=\"\" width=\"40\" height=\"40\" class=\"alignnone size-full wp-image-30401\" \/><\/a><\/td>\n<\/tr>\n<tr class=\"row-35\">\n\t<td class=\"column-1\">Pol\u00edtica de Prestaci\u00f3n de Servicios de Salud<\/td><td class=\"column-2\">2024-10-30<\/td><td class=\"column-3\"><a href=\"https:\/\/www.imsalud.gov.co\/web\/wp-content\/uploads\/2025\/01\/Politica-de-Prestacion-de-Servicio-de-Salud.pdf\" target=\"_blank\" rel=\"noopener\"><img loading=\"lazy\" decoding=\"async\" src=\"https:\/\/www.imsalud.gov.co\/web\/wp-content\/uploads\/2020\/09\/descarga.png\" alt=\"\" width=\"40\" height=\"40\" class=\"alignnone size-full wp-image-30401\" \/><\/a><\/td>\n<\/tr>\n<tr class=\"row-36\">\n\t<td class=\"column-1\">Pol\u00edtica de Prevenci\u00f3n y Control de Infecciones y Optimizaci\u00f3n del Uso de Antibi\u00f3ticos<\/td><td class=\"column-2\">2024-10-30<\/td><td class=\"column-3\"><a href=\"https:\/\/www.imsalud.gov.co\/web\/wp-content\/uploads\/2025\/01\/Politica-de-prevencion-y-control-de-infecciones-y-antibioticos_compressed.pdf\" target=\"_blank\" rel=\"noopener\"><img loading=\"lazy\" decoding=\"async\" src=\"https:\/\/www.imsalud.gov.co\/web\/wp-content\/uploads\/2020\/09\/descarga.png\" alt=\"\" width=\"40\" height=\"40\" class=\"alignnone size-full wp-image-30401\" \/><\/a><\/td>\n<\/tr>\n<tr class=\"row-37\">\n\t<td class=\"column-1\">Pol\u00edtica Instituciones Amigas de la Mujer y la Infancia Integral (IAMII)<\/td><td class=\"column-2\">2024-10-24<\/td><td class=\"column-3\"><a href=\"https:\/\/www.imsalud.gov.co\/web\/wp-content\/uploads\/2025\/01\/RESOLUCION-547-de-2024-IAMII.pdf\" target=\"_blank\" rel=\"noopener\"><img loading=\"lazy\" decoding=\"async\" src=\"https:\/\/www.imsalud.gov.co\/web\/wp-content\/uploads\/2020\/09\/descarga.png\" alt=\"\" width=\"40\" height=\"40\" class=\"alignnone size-full wp-image-30401\" \/><\/a><\/td>\n<\/tr>\n<tr class=\"row-38\">\n\t<td class=\"column-1\">Pol\u00edtica de SICOF<\/td><td class=\"column-2\">2024-11-12<\/td><td class=\"column-3\"><a href=\"https:\/\/www.imsalud.gov.co\/web\/wp-content\/uploads\/2024\/12\/POLITICA-SICOF-2024.pdf\" target=\"_blank\" rel=\"noopener\"><img loading=\"lazy\" decoding=\"async\" src=\"https:\/\/www.imsalud.gov.co\/web\/wp-content\/uploads\/2020\/09\/descarga.png\" alt=\"\" width=\"40\" height=\"40\" class=\"alignnone size-full wp-image-30401\" \/><\/a><\/td>\n<\/tr>\n<tr class=\"row-39\">\n\t<td class=\"column-1\">Pol\u00edtica de SARLAFT<\/td><td class=\"column-2\">2024-11-12<\/td><td class=\"column-3\"><a href=\"https:\/\/www.imsalud.gov.co\/web\/wp-content\/uploads\/2024\/12\/POLITICA-SARLAFT-2024.pdf\" target=\"_blank\" rel=\"noopener\"><img loading=\"lazy\" decoding=\"async\" src=\"https:\/\/www.imsalud.gov.co\/web\/wp-content\/uploads\/2020\/09\/descarga.png\" alt=\"\" width=\"40\" height=\"40\" class=\"alignnone size-full wp-image-30401\" \/><\/a><\/td>\n<\/tr>\n<tr class=\"row-40\">\n\t<td class=\"column-1\">Pol\u00edtica Gesti\u00f3n de Tecnolog\u00eda<\/td><td class=\"column-2\">2024-10-30<\/td><td class=\"column-3\"><a href=\"https:\/\/www.imsalud.gov.co\/web\/wp-content\/uploads\/2024\/12\/RESOLUCION-707-GESTION-DE-TECNOLOGIA.pdf\" target=\"_blank\" rel=\"noopener\"><img loading=\"lazy\" decoding=\"async\" src=\"https:\/\/www.imsalud.gov.co\/web\/wp-content\/uploads\/2020\/09\/descarga.png\" alt=\"\" width=\"40\" height=\"40\" class=\"alignnone size-full wp-image-30401\" \/><\/a><\/td>\n<\/tr>\n<tr class=\"row-41\">\n\t<td class=\"column-1\">Pol\u00edtica de Atenci\u00f3n Humanizada<\/td><td class=\"column-2\">2024-10-30<\/td><td class=\"column-3\"><a href=\"https:\/\/www.imsalud.gov.co\/web\/wp-content\/uploads\/2024\/12\/RESOLUCION-667.pdf\" target=\"_blank\" rel=\"noopener\"><img loading=\"lazy\" decoding=\"async\" src=\"https:\/\/www.imsalud.gov.co\/web\/wp-content\/uploads\/2020\/09\/descarga.png\" alt=\"\" width=\"40\" height=\"40\" class=\"alignnone size-full wp-image-30401\" \/><\/a><\/td>\n<\/tr>\n<\/tbody>\n<\/table>\n<!-- #tablepress-32 from cache -->\n","protected":false},"excerpt":{"rendered":"","protected":false},"author":19,"featured_media":0,"parent":17082,"menu_order":0,"comment_status":"closed","ping_status":"closed","template":"","meta":{"footnotes":""},"class_list":["post-19484","page","type-page","status-publish","hentry"],"_links":{"self":[{"href":"https:\/\/www.imsalud.gov.co\/web\/wp-json\/wp\/v2\/pages\/19484","targetHints":{"allow":["GET"]}}],"collection":[{"href":"https:\/\/www.imsalud.gov.co\/web\/wp-json\/wp\/v2\/pages"}],"about":[{"href":"https:\/\/www.imsalud.gov.co\/web\/wp-json\/wp\/v2\/types\/page"}],"author":[{"embeddable":true,"href":"https:\/\/www.imsalud.gov.co\/web\/wp-json\/wp\/v2\/users\/19"}],"replies":[{"embeddable":true,"href":"https:\/\/www.imsalud.gov.co\/web\/wp-json\/wp\/v2\/comments?post=19484"}],"version-history":[{"count":23,"href":"https:\/\/www.imsalud.gov.co\/web\/wp-json\/wp\/v2\/pages\/19484\/revisions"}],"predecessor-version":[{"id":93214,"href":"https:\/\/www.imsalud.gov.co\/web\/wp-json\/wp\/v2\/pages\/19484\/revisions\/93214"}],"up":[{"embeddable":true,"href":"https:\/\/www.imsalud.gov.co\/web\/wp-json\/wp\/v2\/pages\/17082"}],"wp:attachment":[{"href":"https:\/\/www.imsalud.gov.co\/web\/wp-json\/wp\/v2\/media?parent=19484"}],"curies":[{"name":"wp","href":"https:\/\/api.w.org\/{rel}","templated":true}]}}