{"id":17809,"date":"2018-11-07T17:44:58","date_gmt":"2018-11-07T22:44:58","guid":{"rendered":"http:\/\/www.imsalud.gov.co\/web\/?page_id=17809"},"modified":"2020-06-24T10:25:28","modified_gmt":"2020-06-24T15:25:28","slug":"normativa","status":"publish","type":"page","link":"https:\/\/www.imsalud.gov.co\/web\/normativa\/","title":{"rendered":"4. NORMATIVA"},"content":{"rendered":"  <div id=\"page-header-714159541\" class=\"page-header-wrapper\">\n  <div class=\"page-title dark featured-title\">\n\n    \n    <div class=\"page-title-inner container align-center text-center flex-row-col medium-flex-wrap\" >\n              <div class=\"title-wrapper flex-col\">\n          <h1 class=\"entry-title mb-0\">\n            4. NORMATIVA          <\/h1>\n        <\/div>\n                    <div class=\"title-content flex-col\">\n        <div class=\"title-breadcrumbs pb-half pt-half\"><\/div>      <\/div>\n    <\/div>\n\n       <\/div>\n    <\/div>\n  \n\t<div id=\"gap-1275841692\" class=\"gap-element clearfix\" style=\"display:block; height:auto;\">\n\t\t\n<style>\n#gap-1275841692 {\n  padding-top: 30px;\n}\n<\/style>\n\t<\/div>\n\t\n<table>\n<tbody>\n<tr>\n<td colspan=\"2\" width=\"589\">\n<p><strong>MARCO NORMATIVO PARA LA PRESTACION DE SERVICIOS DE SALUD A LA POBLACION POBRE NO ASEGURADA MUNICIPIO DE CUCUTA<\/strong><\/p>\n<\/td>\n<\/tr>\n<tr>\n<td width=\"294\">\n<p><strong>CONSTITUCION POLITICA DE COLOMBIA <\/strong><\/p>\n<\/td>\n<td width=\"294\">\n<p>En su art\u00edculo 49 ha dispuesto que la atenci\u00f3n en salud es un servicio p\u00fablico a cargo del Estado, al que Ie corresponde garantizar a todas las personas el acceso a los servicios de promoci\u00f3n, protecci\u00f3n y recuperaci\u00f3n de la salud.<\/p>\n<\/td>\n<\/tr>\n<tr>\n<td width=\"294\">\n<p><strong>LEY 100 DE 1993<\/strong><\/p>\n<\/td>\n<td width=\"294\">\n<p>En su art\u00edculo 238 define que las Direcciones Seccionales y Locales de Salud garantizaran la celebraci\u00f3n de contratos de compraventa de servicios con los hospitales para atender la poblaci\u00f3n que se le asigne.<\/p>\n<p>\u00a0<\/p>\n<p>En el literal B del art\u00edculo 157 de la Ley 100 de 1993, dispone que los participantes vinculados son aquellas personas que por motivos de incapacidad de pago y mientras logren ser beneficiarios del R\u00e9gimen Subsidiado tendr\u00e1n derecho a los servicios de atenci\u00f3n en salud que prestan las instituciones p\u00fablicas y aquellas privadas que tengan contrato con el Estado<\/p>\n<p>\u00a0<\/p>\n<p>Que los servicios de salud a nivel territorial deber\u00e1n prestarse mediante la integraci\u00f3n de redes que permitan la articulaci\u00f3n de las unidades prestadoras de servicios de salud, Ia utilizaci\u00f3n adecuada de Ia oferta en salud y la racionalizaci\u00f3n del costo de las atenciones en beneficio de la poblaci\u00f3n, as\u00ed como Ia optimizaci\u00f3n de la infraestructura que la soporta<\/p>\n<\/td>\n<\/tr>\n<tr>\n<td width=\"294\">\n<p><strong>LEY 1122 DE 2007<\/strong><\/p>\n<\/td>\n<td width=\"294\">\n<p>Que la Ley 1122 de 9 de enero de 2007 en materia de atenci\u00f3n en salud a Ia poblaci\u00f3n pobre en lo no cubierto por subsidios a Ia demanda, dispone en su art\u00edculo 20: \u00abLas Entidades territoriales contrataran con Empresas Sociales del Estado debidamente habilitadas, la atenci\u00f3n de la poblaci\u00f3n pobre no asegurada y lo no cubierto por subsidios a la demanda.<\/p>\n<\/td>\n<\/tr>\n<tr>\n<td width=\"294\">\n<p><strong>LEY 1438 DE 2011<\/strong><\/p>\n<\/td>\n<td width=\"294\">\n<p>Que en su art\u00edculo 5 dispone como competencia adicional de la administraci\u00f3n p\u00fablica cofinanciar la afiliaci\u00f3n al R\u00e9gimen Subsidiado de la poblaci\u00f3n pobre y vulnerable.<\/p>\n<\/td>\n<\/tr>\n<tr>\n<td width=\"294\">\n<p><strong>LEY 1450 DE 2011<\/strong><\/p>\n<\/td>\n<td width=\"294\">\n<p>Que el inciso primero del Articulo 157 se\u00f1ala que: el pago que las entidades territoriales competentes realicen a las IPS p\u00fablicas o privadas, por la prestaci\u00f3n del servicio de salud a la poblaci\u00f3n pobre no afiliada y aquellos afiliados en lo no cubierto con subsidios a la demanda, deber\u00e1 soportarse en la compra de servicios de salud mediante modalidades de pago que sean consistentes con la cantidad y valor de los servicios efectivamente prestados, en los t\u00e9rminos convenidos en los respectivos contratos.<\/p>\n<\/td>\n<\/tr>\n<tr>\n<td width=\"294\">\n<p><strong>LEY 715 DE 2001<\/strong><\/p>\n<\/td>\n<td width=\"294\">\n<p>Que en su art\u00edculo 44, referente a la competencia de los municipios, se ha se\u00f1alado la de \u00bb Gestionar y supervisar el acceso a la prestaci\u00f3n de los servicios de salud para la poblaci\u00f3n de su jurisdicci\u00f3n\u00bb.<\/p>\n<\/td>\n<\/tr>\n<tr>\n<td width=\"294\">\n<p><strong>RESOLUCION 2003\/2014<\/strong><\/p>\n<p><strong>\u00a0<\/strong><\/p>\n<\/td>\n<td width=\"294\">\n<p>Por la cual se definen los procedimientos y condiciones de inscripci\u00f3n de los<\/p>\n<p>Prestadores de Servicios de Salud y de habilitaci\u00f3n de servicios de salud<\/p>\n<\/td>\n<\/tr>\n<tr>\n<td width=\"294\">\n<p><strong>RESOLUCION 1995\/1999<\/strong><\/p>\n<p><strong>\u00a0<\/strong><\/p>\n<\/td>\n<td width=\"294\">\n<p>Por la cual se establecen normas para el manejo de la Historia Cl\u00ednica<\/p>\n<\/td>\n<\/tr>\n<tr>\n<td width=\"294\">\n<p><strong>RESOLUCION 412\/2000<\/strong><\/p>\n<p><strong>\u00a0<\/strong><\/p>\n<\/td>\n<td width=\"294\">\n<p>Por la cual se establecen las actividades, procedimientos e intervenciones de demanda inducida y obligatorio cumplimiento y se adoptan las normas t\u00e9cnicas y gu\u00edas de atenci\u00f3n para el desarrollo de las acciones de protecci\u00f3n espec\u00edfica y detecci\u00f3n temprana y la atenci\u00f3n de enfermedades de inter\u00e9s en salud p\u00fablica.<\/p>\n<\/td>\n<\/tr>\n<tr>\n<td width=\"294\">\n<p><strong>RESOLUCION 3280\/2018<\/strong><\/p>\n<p><strong>\u00a0<\/strong><\/p>\n<\/td>\n<td width=\"294\">\n<p>Por medio de la cual se adoptan los lineamientos t\u00e9cnicos y operativos de la Ruta Integral de Atenci\u00f3n para la Promoci\u00f3n y Mantenimiento de la Salud y la Ruta Integral de Atenci\u00f3n en Salud para la Poblaci\u00f3n Materno Perinatal y se establecen las directrices para su operaci\u00f3n<\/p>\n<\/td>\n<\/tr>\n<tr>\n<td width=\"294\">\n<p><strong>RESOLUCION 5269\/2017<\/strong><\/p>\n<p><strong>\u00a0<\/strong><\/p>\n<\/td>\n<td width=\"294\">\n<p>Tiene por objeto actualizar integralmente el Plan de Beneficios en Salud con cargo a la UPC, como mecanismo de protecci\u00f3n colectiva, y establecer las coberturas de los servicios y tecnolog\u00edas en salud que deber\u00e1n ser garantizados por las EPS en el territorio nacional.<\/p>\n<\/td>\n<\/tr>\n<tr>\n<td width=\"294\">\n<p><strong>SENTENCIA T760\/2008 CC<\/strong><\/p>\n<p><strong>\u00a0<\/strong><\/p>\n<\/td>\n<td width=\"294\">\n<p>DERECHO FUNDAMENTAL A LA SALUD-Comprende, entre otros, el derecho a acceder a servicios de salud de manera oportuna, eficaz y con calidad<\/p>\n<\/td>\n<\/tr>\n<tr>\n<td width=\"294\">\n<p><strong>RESOLUCION 1441\/ 2006<\/strong><\/p>\n<p><strong>\u00a0<\/strong><\/p>\n<\/td>\n<td width=\"294\">\n<p>Por la cual se definen los procedimientos y condiciones que deben cumplir los<\/p>\n<p>Prestadores de Servicios de Salud para habilitar los servicios y se dictan otras<\/p>\n<p>disposiciones<\/p>\n<\/td>\n<\/tr>\n<tr>\n<td width=\"294\">\n<p><strong>RESOLUCION 1446\/2006<\/strong><\/p>\n<p><strong>\u00a0<\/strong><\/p>\n<\/td>\n<td width=\"294\">\n<p>Por la cual se define el Sistema de Informaci\u00f3n para la Calidad y se adoptan los indicadores de monitoria del Sistema Obligatorio de Garant\u00eda de Calidad de la Atenci\u00f3n en Salud\u201d<\/p>\n<\/td>\n<\/tr>\n<tr>\n<td width=\"294\">\n<p><strong>DECRETO 4747\/2007<\/strong><\/p>\n<p><strong>\u00a0<\/strong><\/p>\n<\/td>\n<td width=\"294\">\n<p>Por medio del cual se regulan algunos aspectos de las relaciones entre los prestadores de servicios de salud y las entidades responsables del pago de los servicios de salud de la poblaci\u00f3n a su cargo, y se dictan otras disposiciones<\/p>\n<\/td>\n<\/tr>\n<tr>\n<td width=\"294\">\n<p><strong>RESOLUCION 3047\/2008<\/strong><\/p>\n<p><strong>\u00a0<\/strong><\/p>\n<\/td>\n<td width=\"294\">\n<p>Por medio de la cual se definen los formatos, mecanismos de env\u00edo, procedimientos y t\u00e9rminos a ser implementados en las relaciones entre<\/p>\n<p>prestadores de servicios de salud y entidades responsables del pago de servicios de salud, definidos en el Decreto 4747 de 2007<\/p>\n<\/td>\n<\/tr>\n<\/tbody>\n<\/table>\n","protected":false},"excerpt":{"rendered":"<p>MARCO NORMATIVO PARA LA PRESTACION DE SERVICIOS DE SALUD A LA POBLACION POBRE NO ASEGURADA MUNICIPIO DE CUCUTA CONSTITUCION POLITICA DE COLOMBIA En su art\u00edculo 49 ha dispuesto que la [&#8230;]\n","protected":false},"author":19,"featured_media":0,"parent":0,"menu_order":0,"comment_status":"closed","ping_status":"closed","template":"","meta":{"footnotes":""},"class_list":["post-17809","page","type-page","status-publish","hentry"],"_links":{"self":[{"href":"https:\/\/www.imsalud.gov.co\/web\/wp-json\/wp\/v2\/pages\/17809","targetHints":{"allow":["GET"]}}],"collection":[{"href":"https:\/\/www.imsalud.gov.co\/web\/wp-json\/wp\/v2\/pages"}],"about":[{"href":"https:\/\/www.imsalud.gov.co\/web\/wp-json\/wp\/v2\/types\/page"}],"author":[{"embeddable":true,"href":"https:\/\/www.imsalud.gov.co\/web\/wp-json\/wp\/v2\/users\/19"}],"replies":[{"embeddable":true,"href":"https:\/\/www.imsalud.gov.co\/web\/wp-json\/wp\/v2\/comments?post=17809"}],"version-history":[{"count":5,"href":"https:\/\/www.imsalud.gov.co\/web\/wp-json\/wp\/v2\/pages\/17809\/revisions"}],"predecessor-version":[{"id":26922,"href":"https:\/\/www.imsalud.gov.co\/web\/wp-json\/wp\/v2\/pages\/17809\/revisions\/26922"}],"wp:attachment":[{"href":"https:\/\/www.imsalud.gov.co\/web\/wp-json\/wp\/v2\/media?parent=17809"}],"curies":[{"name":"wp","href":"https:\/\/api.w.org\/{rel}","templated":true}]}}