{"id":17135,"date":"2018-10-01T20:02:55","date_gmt":"2018-10-02T01:02:55","guid":{"rendered":"http:\/\/www.imsalud.gov.co\/web\/?page_id=17135"},"modified":"2018-10-01T20:05:20","modified_gmt":"2018-10-02T01:05:20","slug":"politicas-de-privacidad-y-condiciones-de-uso","status":"publish","type":"page","link":"https:\/\/www.imsalud.gov.co\/web\/politicas-de-privacidad-y-condiciones-de-uso\/","title":{"rendered":"Pol\u00edticas de Privacidad y Condiciones de Uso"},"content":{"rendered":"<h1>Pol\u00edticas de Privacidad y Condiciones de Uso<\/h1>\n<p>Por medio de su p\u00e1gina www.imsalud.gov.co la ESE Imsalud publica los temas y actividades que tienen que ver con su misi\u00f3n, su visi\u00f3n, objetivos y las funciones que corresponden a su objeto social. Adicionalmente, por este medio la entidad da a conocer informaci\u00f3n sobre Servicios; Indicadores de Gesti\u00f3n; Planes y Programas; Publicaciones; Normas; Convocatorias; Informaci\u00f3n presupuestal; p\u00e1ginas recomendadas, y, en general, informaci\u00f3n relacionada con la entidad.<\/p>\n<p>La ESE Imsalud no persigue ning\u00fan lucro, ganancia o inter\u00e9s comercial con los contenidos o links que se publican en su p\u00e1gina Web a los cuales se accede a trav\u00e9s de www.imsalud.gov.co .<\/p>\n<p>La ESE Imsalud solicita al visitante y al usuario de esta p\u00e1gina, que lean detallada y juiciosamente estas condiciones y la pol\u00edtica de privacidad, antes de iniciar su exploraci\u00f3n o utilizaci\u00f3n. Si alguno de los dos, no est\u00e1 de acuerdo con estas condiciones o con cualquier disposici\u00f3n de la pol\u00edtica de privacidad, le sugerimos que se abstenga de acceder o navegar por la p\u00e1gina Web de nuestra entidad.<\/p>\n<p>Definiciones<\/p>\n<p>Para facilitar la comprensi\u00f3n de estos T\u00e9rminos y Condiciones de Uso del sitio WEB de la ESE Imsalud, se hace necesario aclarar el significado de las siguientes palabras:<\/p>\n<p>Contenidos. Implican todas las formas de informaci\u00f3n o datos que se divulgan en la p\u00e1gina Web, entre los que se encuentran: textos, im\u00e1genes, fotos, logos, dise\u00f1os, animaciones.<br \/>\nDerechos de Propiedad Intelectual. Hacen referencia a todos los derechos de propiedad de la informaci\u00f3n de la ESE Imsalud o de cualquier persona que sea titular leg\u00edtima, como: signos distintivos, marcas, lemas, ense\u00f1as, logos, nombres de dominio, derechos de autor, bases de datos, dise\u00f1os, contenidos o cualquier otra obra o creaci\u00f3n intelectual vinculada con el objeto, operaci\u00f3n o desempe\u00f1o del sitio WEB de la ESE Imsalud.<br \/>\nForo. Servicio automatizado de mensajes, a menudo moderado por un propietario, a trav\u00e9s del cual los suscriptores reciben mensajes dejados por otros suscriptores por un tema dado. Los mensajes se env\u00edan por correo electr\u00f3nico.<br \/>\nInternet. Herramienta de comunicaci\u00f3n con decenas de miles de redes de computadoras unidas por el protocolo TCP\/IP. Sobre esta red se pueden utilizar m\u00faltiples servicios como por ejemplo correos electr\u00f3nicos, www, etc.<br \/>\nP\u00e1gina Web. Resultado en hipertexto o hipermedia que proporciona un navegador del www despu\u00e9s de obtener la informaci\u00f3n solicitada. Su contenido puede ir desde un texto corto a un voluminoso conjunto de textos, gr\u00e1ficos est\u00e1ticos o en movimiento, sonido, etc.<br \/>\nPublicar. Hacer que un documento sea visible desde el Sitio Web Institucional.<br \/>\nServicios. Son las ayudas en l\u00ednea que la ESE Imsalud provee actualmente o que piensa proveer en el futuro a los usuarios, por medio de esta p\u00e1gina Web, como Publicaci\u00f3n de noticias o actividades propias de la gesti\u00f3n institucional; tr\u00e1mites en l\u00ednea; consultas; foros y buz\u00f3n de quejas y reclamos, entre otros.<br \/>\nUsuario. Es la persona que ingresa al sitio WEB de la ESE Imsalud para buscar o consultar informaci\u00f3n de su inter\u00e9s; para registrarse en caso de que requiera realizar un tr\u00e1mite o recibir un servicio de la entidad; o para poner una queja mediante el uso del buz\u00f3n de Quejas y Reclamos, creado para este efecto.<br \/>\nV\u00ednculo. Link en ingl\u00e9s. Apuntadores hipertexto que sirven para saltar de una informaci\u00f3n a otra, o de un servidor Web a otro, cuando se navega por Internet.<\/p>\n<p>Aceptaci\u00f3n de T\u00e9rminos<\/p>\n<p>Se presume que cuando un usuario accede al sitio WEB de la ESE Imsalud lo hace bajo su total responsabilidad y que, por tanto, acepta plenamente y sin reservas el contenido de los t\u00e9rminos y condiciones de uso del sitio WEB de la entidad estatal. La ESE Imsalud se reserva, en todos los sentidos, el derecho de actualizar y modificar en cualquier momento y de cualquier forma, de manera unilateral y sin previo aviso, las presentes condiciones de uso y los contenidos de la p\u00e1gina.<\/p>\n<p>El sitio WEB tiene por finalidad brindar al usuario todo tipo de informaci\u00f3n relacionada con la gesti\u00f3n del gobierno en todos los planes, programas y consejer\u00edas, por medio de Boletines, cifras, noticias. En ning\u00fan caso esta informaci\u00f3n deber\u00e1 considerarse como exhaustiva, completa o que de cualquier forma satisfaga todas las necesidades del usuario.<\/p>\n<p>Esta p\u00e1gina puede tener enlaces a otros sitios de inter\u00e9s o a documentos localizados en otras p\u00e1ginas Web de propiedad de otras entidades, personas u organizaciones diferentes a la ESE Imsalud. Solamente por el hecho de que el usuario acceda a otro sitio Web o a un documento individual localizado en otra p\u00e1gina, a trav\u00e9s de un link o un v\u00ednculo establecido en el sitio WEB de la ESE Imsalud, el usuario deber\u00e1 someterse a las condiciones de uso y a la pol\u00edtica de privacidad de la p\u00e1gina Web a la que env\u00eda el link.<\/p>\n<p>El establecimiento de un v\u00ednculo (link) con el sitio Web de otra empresa, entidad o programa no implica necesariamente la existencia de relaciones entre la ESE Imsalud y el propietario del sitio o p\u00e1gina Web vinculada, ni la aceptaci\u00f3n o aprobaci\u00f3n por parte de la ESE Imsalud de sus contenidos o servicios. Aquellas personas que se propongan establecer un vinculo (link) se asegurar\u00e1n de que el mismo \u00fanicamente permita el acceso a la p\u00e1gina de inicio Web, as\u00ed mismo deber\u00e1n abstenerse de realizar manifestaciones o indicaciones falsas, inexactas o incorrectas sobre la ESE Imsalud o sus filiales o incluir contenidos il\u00edcitos, o contrarios a las buenas costumbres y al orden p\u00fablico.<\/p>\n<p>As\u00ed mismo, la ESE Imsalud no se hace responsable respecto a la informaci\u00f3n que se halle fuera de este Sitio Web y no sea gestionada directamente por el administrador del sitio WEB www.imsalud.gov.co. Los v\u00ednculos (links) que aparecen en el Sitio Web tienen como prop\u00f3sito informar al Usuario sobre la existencia de otras fuentes susceptibles de ampliar los contenidos que ofrece la p\u00e1gina Web, o que guardan relaci\u00f3n con aqu\u00e9llos. La ESE Imsalud no garantiza ni se responsabiliza del funcionamiento o accesibilidad de las p\u00e1ginas Web vinculadas; ni sugiere, invita o recomienda la visita a las mismas, por lo que tampoco ser\u00e1 responsable del resultado obtenido.<\/p>\n<p>Por otra parte, la prestaci\u00f3n del servicio del sitio WEB de la ESE Imsalud es de car\u00e1cter libre y gratuito para los usuarios y se rige por los t\u00e9rminos y condiciones que se incluyen a continuaci\u00f3n, los cuales se entienden como conocidos y aceptados por los (las) usuarios (as) del sitio.<\/p>\n<p>Informaci\u00f3n contenida en la P\u00e1gina<\/p>\n<p>3.1 Propiedad del contenido de la P\u00e1gina \u2013 Copyright<\/p>\n<p>Este sitio de Internet y su contenido son de propiedad de la ESE Imsalud. Est\u00e1 prohibida su reproducci\u00f3n total o parcial, su traducci\u00f3n, inclusi\u00f3n, transmisi\u00f3n, almacenamiento o acceso a trav\u00e9s de medios anal\u00f3gicos, digitales o de cualquier otro sistema o tecnolog\u00eda creada, sin autorizaci\u00f3n previa y escrita de la ESE Imsalud.<\/p>\n<p>Sin embargo, es posible descargar material de www.imsalud.gov.co para uso personal y no comercial, siempre y cuando se haga expresa menci\u00f3n de la propiedad en cabeza de la ESE Imsalud.<\/p>\n<p>Con respecto a los contenidos que aparecen en el sitio WEB de la ESE Imsalud, el usuario se obliga a:<\/p>\n<p>Usar los contenidos de forma diligente, correcta y l\u00edcita.<br \/>\nNo suprimir, eludir, o manipular el copyright (derechos de autor) y dem\u00e1s datos que identifican los derechos de la ESE Imsalud.<br \/>\nNo emplear los contenidos y, en particular, la informaci\u00f3n de cualquier otra clase obtenida a trav\u00e9s de la ESE Imsalud o de los servicios, para emitir publicidad.<br \/>\nLa ESE Imsalud no ser\u00e1 responsable por el uso indebido que hagan los usuarios del contenido de su sitio WEB.<br \/>\nEl visitante o usuario del sitio WEB se har\u00e1 responsable por cualquier uso indebido, il\u00edcito o anormal que haga de los contenidos, informaci\u00f3n o servicios del sitio WEB de la ESE Imsalud. El visitante o usuario del sitio, directa o por interpuesta persona, no atentar\u00e1 de ninguna manera contra el sitio WEB de la ESE Imsalud, contra su plataforma tecnol\u00f3gica, contra sus sistemas de informaci\u00f3n ni tampoco interferir\u00e1 en su normal funcionamiento.<br \/>\nEl visitante o el usuario del sitio, no alterar\u00e1, bloquear\u00e1 o realizar\u00e1 cualquier otro acto que impida mostrar o acceder a cualquier contenido, informaci\u00f3n o servicios del sitio WEB de la ESE Imsalud o que est\u00e9n incorporados en las p\u00e1ginas Web vinculadas.<br \/>\nEl visitante o el usuario del sitio WEB de la ESE Imsalud no enviar\u00e1 o transmitir\u00e1 en este sitio WEB o hacia el mismo, a otros usuarios o a cualquier persona, cualquier informaci\u00f3n de alcance obsceno, difamatorio, injuriante, calumniante o discriminatorio contra la ESE Imsalud, contra sus funcionarios o contra los responsables de la administraci\u00f3n del sitio WEB.<br \/>\nEl visitante o el usuario del sitio WEB de la ESE Imsalud, no incurrir\u00e1 en y desde el mismo, en conductas il\u00edcitas como da\u00f1os o ataques inform\u00e1ticos, interceptaci\u00f3n de comunicaciones, infracciones al derecho de autor, uso no autorizado de terminales, usurpaci\u00f3n de identidad, revelaci\u00f3n de secretos o falsedad en los documentos.<\/p>\n<p>3.2. Privacidad<\/p>\n<p>Es inter\u00e9s de la ESE Imsalud la salvaguardia de la privacidad de la informaci\u00f3n personal del Usuario obtenida a trav\u00e9s de la p\u00e1gina Web de la entidad, para lo cual se compromete a adoptar una pol\u00edtica de confidencialidad de acuerdo con lo que se establece m\u00e1s adelante.<\/p>\n<p>Se entiende por informaci\u00f3n personal aquella suministrada por el Usuario para el registro, la cual incluye datos como nombre, identificaci\u00f3n, edad, g\u00e9nero, direcci\u00f3n, correo electr\u00f3nico y tel\u00e9fono.<\/p>\n<p>El Usuario reconoce que el ingreso de informaci\u00f3n personal, lo realiza de manera voluntaria y ante la solicitud de requerimientos espec\u00edficos por la ESE Imsalud para realizar un tr\u00e1mite, presentar una queja o reclamo, o para acceder a los mecanismos interactivos. El usuario tambi\u00e9n comprende que los datos por \u00e9l consignados har\u00e1n parte de un archivo y\/o base de datos que podr\u00e1 ser usado por la ESE Imsalud para efectos de surtir determinado proceso. El Usuario podr\u00e1 modificar o actualizar la informaci\u00f3n suministrada en cualquier momento.<\/p>\n<p>La informaci\u00f3n personal proporcionada por el Usuario est\u00e1 asegurada por una clave de acceso que s\u00f3lo \u00e9l conoce. Por tanto, es el \u00fanico responsable de mantener en secreto su clave. La ESE Imsalud se compromete a no acceder ni pretender conocer dicha clave. Debido a que ninguna transmisi\u00f3n por Internet es absolutamente segura ni puede garantizarse dicho extremo, el Usuario asume el hipot\u00e9tico riesgo que ello implica, el cual acepta y conoce.<\/p>\n<p>La ESE Imsalud no se responsabiliza por cualquier consecuencia derivada del ingreso indebido de terceros a la base de datos y\/o por alguna falla t\u00e9cnica en el funcionamiento y\/o conservaci\u00f3n de datos en el sistema en cualquiera de los men\u00fas de su p\u00e1gina Web.<\/p>\n<p>Igualmente, la ESE Imsalud no podr\u00e1 garantizar la disponibilidad de los servicios en l\u00ednea y de la informaci\u00f3n que los usuarios requieran en determinado momento. Tampoco incurrir\u00e1 en responsabilidad con el usuario o terceros, cuando su sitio WEB no se encuentre disponible.<\/p>\n<p>La ESE Imsalud no responder\u00e1 en ning\u00fan caso y bajo ninguna circunstancia, por los ataques o incidentes contra la seguridad de su sitio WEB o contra sus sistemas de informaci\u00f3n; o por cualquier exposici\u00f3n o acceso no autorizado, fraudulento o il\u00edcito a su sitio WEB y que puedan afectar la confidencialidad, integridad o autenticidad de la informaci\u00f3n publicada o asociada con los contenidos y servicios que se ofrecen en el.<\/p>\n<p>La ESE Imsalud ha adoptado los niveles de seguridad de protecci\u00f3n de los datos personales legalmente requeridos, instalando las medidas t\u00e9cnicas y organizativas necesarias para evitar la p\u00e9rdida, mal uso, alteraci\u00f3n, acceso no autorizado y robo de los datos facilitados.<\/p>\n<p>La ESE Imsalud podr\u00e1 utilizar cookies durante la prestaci\u00f3n de servicios en su Sitio Web.<\/p>\n<p>3.3. Responsabilidad por la informaci\u00f3n contenida<\/p>\n<p>Debido a que en la actualidad los medios t\u00e9cnicos no permiten garantizar la absoluta falta de injerencia de la acci\u00f3n de terceras personas en el sitio WEB, la ESE Imsalud de ninguna manera asegura la exactitud y\/o veracidad de todo o parte de la informaci\u00f3n contenida en su p\u00e1gina, ni su actualizaci\u00f3n, ni que dicha informaci\u00f3n haya sido alterada o modificada en todo o en parte, luego de haber sido publicada en la p\u00e1gina, ni cualquier otro aspecto o caracter\u00edstica de lo publicado en el sitio o en los enlaces, respectivamente.<\/p>\n<p>La ESE Imsalud no controla ni garantiza la ausencia de virus ni de otros elementos en los contenidos que puedan producir alteraciones en su sistema inform\u00e1tico (software y hardware) o en los documentos electr\u00f3nicos y ficheros almacenados en su sistema inform\u00e1tico.<\/p>\n<p>En consecuencia con lo anterior, la ESE Imsalud no se har\u00e1 responsable de ning\u00fan da\u00f1o ocasionado en virtud de cualquier alteraci\u00f3n que se haya efectuado a los materiales o archivos de descarga suministrados directamente por la entidad.<\/p>\n<p>Ley aplicable y jurisdicci\u00f3n<\/p>\n<p>El usuario no podr\u00e1 manifestar ante la ESE Imsalud o ante una autoridad judicial o administrativa, la aplicaci\u00f3n de condici\u00f3n, norma o convenio que no est\u00e9 expresamente incorporado en las presentes condiciones de uso.<br \/>\nEstas condiciones ser\u00e1n gobernadas por las leyes de la Rep\u00fablica de Colombia, en los aspectos que no est\u00e9n expresamente regulados en ellas.<br \/>\nSi cualquier disposici\u00f3n de estas condiciones pierde validez o fuerza obligatoria, por cualquier raz\u00f3n, todas las dem\u00e1s disposiciones, conservan su fuerza obligatoria, car\u00e1cter vinculante y generar\u00e1n todos sus efectos.<br \/>\nPara cualquier efecto legal o judicial, el lugar de las presentes condiciones es la ciudad de C\u00facuta, Rep\u00fablica de Colombia, y cualquier controversia que surja de su interpretaci\u00f3n o aplicaci\u00f3n se someter\u00e1 a los jueces de la Rep\u00fablica de Colombia.<\/p>\n<p>Duraci\u00f3n y terminaci\u00f3n<\/p>\n<p>La prestaci\u00f3n del servicio del sitio WEB de la ESE Imsalud tiene una duraci\u00f3n indefinida. Sin embargo, la entidad podr\u00e1 dar por terminada o suspender la prestaci\u00f3n de este servicio en cualquier momento. En caso de que se llegue a presentar esta situaci\u00f3n, la ESE Imsalud informar\u00e1 previamente sobre el hecho, para evitar mayores traumatismos.<\/p>\n<p>Protecci\u00f3n de Datos Personales<\/p>\n<p>La ESE Imsalud conforme a las disposiciones contenidas en la ley 1581 de 2012 y su decreto reglamentario, como custodio responsable y\/o encargado del tratamiento de datos personales, propender\u00e1 por la seguridad y confidencialidad de los datos sensibles o personales que se hayan recogido y tratado en operaciones tales como la recolecci\u00f3n, almacenamiento, uso, circulaci\u00f3n y supresi\u00f3n de aquella informaci\u00f3n que se reciba de terceros a trav\u00e9s de los diferentes canales de recolecci\u00f3n de informaci\u00f3n.<\/p>\n<p>Cont\u00e1ctenos<\/p>\n<p>Si el usuario desea hacer sugerencias a la ESE Imsalud para mejorar los contenidos, la informaci\u00f3n y los servicios que ofrece en su sitio WEB, puede escribir al siguiente correo electr\u00f3nico: siau@imsalud.gov.co<\/p>\n","protected":false},"excerpt":{"rendered":"<p>Pol\u00edticas de Privacidad y Condiciones de Uso Por medio de su p\u00e1gina www.imsalud.gov.co la ESE Imsalud publica los temas y actividades que tienen que ver con su misi\u00f3n, su visi\u00f3n, [&#8230;]\n","protected":false},"author":19,"featured_media":0,"parent":0,"menu_order":0,"comment_status":"closed","ping_status":"closed","template":"","meta":{"footnotes":""},"class_list":["post-17135","page","type-page","status-publish","hentry"],"_links":{"self":[{"href":"https:\/\/www.imsalud.gov.co\/web\/wp-json\/wp\/v2\/pages\/17135","targetHints":{"allow":["GET"]}}],"collection":[{"href":"https:\/\/www.imsalud.gov.co\/web\/wp-json\/wp\/v2\/pages"}],"about":[{"href":"https:\/\/www.imsalud.gov.co\/web\/wp-json\/wp\/v2\/types\/page"}],"author":[{"embeddable":true,"href":"https:\/\/www.imsalud.gov.co\/web\/wp-json\/wp\/v2\/users\/19"}],"replies":[{"embeddable":true,"href":"https:\/\/www.imsalud.gov.co\/web\/wp-json\/wp\/v2\/comments?post=17135"}],"version-history":[{"count":3,"href":"https:\/\/www.imsalud.gov.co\/web\/wp-json\/wp\/v2\/pages\/17135\/revisions"}],"predecessor-version":[{"id":17139,"href":"https:\/\/www.imsalud.gov.co\/web\/wp-json\/wp\/v2\/pages\/17135\/revisions\/17139"}],"wp:attachment":[{"href":"https:\/\/www.imsalud.gov.co\/web\/wp-json\/wp\/v2\/media?parent=17135"}],"curies":[{"name":"wp","href":"https:\/\/api.w.org\/{rel}","templated":true}]}}